{"id":4614,"date":"2025-12-19T15:49:42","date_gmt":"2025-12-19T18:49:42","guid":{"rendered":"https:\/\/eesc.usp.br\/calouros\/?page_id=4614"},"modified":"2025-12-19T15:49:58","modified_gmt":"2025-12-19T18:49:58","slug":"estamos-arrumando-as-coisas","status":"publish","type":"page","link":"https:\/\/eesc.usp.br\/calouros\/","title":{"rendered":"Estamos arrumando as coisas&#8230;."},"content":{"rendered":"<p>&nbsp;<\/p>\n<p>&nbsp;<\/p>\n<p>&nbsp;<\/p>\n<p style=\"text-align: center;\">O site encontra-se em manuten\u00e7\u00e3o e atualiza\u00e7\u00e3o para 2026 e por isso, estamos com ele temporariamente fechado.<\/p>\n<p style=\"text-align: center;\">Em breve, voltaremos com muitas novidades.<\/p>\n<p><img loading=\"lazy\" decoding=\"async\" class=\"size-full wp-image-4615 aligncenter\" src=\"https:\/\/eesc.usp.br\/calouros\/wp-content\/uploads\/2025\/12\/manutencao.png\" alt=\"\" width=\"463\" height=\"474\" srcset=\"https:\/\/eesc.usp.br\/calouros\/wp-content\/uploads\/2025\/12\/manutencao.png 463w, https:\/\/eesc.usp.br\/calouros\/wp-content\/uploads\/2025\/12\/manutencao-293x300.png 293w\" sizes=\"auto, (max-width: 463px) 100vw, 463px\" \/><\/p>\n<p style=\"text-align: center;\">\u00a0<\/p>\n<p>&nbsp;<\/p>\n","protected":false},"excerpt":{"rendered":"<p>&nbsp; &nbsp; &nbsp; O site encontra-se em manuten\u00e7\u00e3o e atualiza\u00e7\u00e3o para 2026 e por isso, estamos com ele temporariamente fechado. [&hellip;]<\/p>\n","protected":false},"author":3,"featured_media":0,"parent":0,"menu_order":0,"comment_status":"closed","ping_status":"closed","template":"elementor_canvas","meta":{"footnotes":""},"categories":[],"tags":[],"wf_page_folders":[],"class_list":["post-4614","page","type-page","status-publish","hentry"],"_links":{"self":[{"href":"https:\/\/eesc.usp.br\/calouros\/wp-json\/wp\/v2\/pages\/4614","targetHints":{"allow":["GET"]}}],"collection":[{"href":"https:\/\/eesc.usp.br\/calouros\/wp-json\/wp\/v2\/pages"}],"about":[{"href":"https:\/\/eesc.usp.br\/calouros\/wp-json\/wp\/v2\/types\/page"}],"author":[{"embeddable":true,"href":"https:\/\/eesc.usp.br\/calouros\/wp-json\/wp\/v2\/users\/3"}],"replies":[{"embeddable":true,"href":"https:\/\/eesc.usp.br\/calouros\/wp-json\/wp\/v2\/comments?post=4614"}],"version-history":[{"count":4,"href":"https:\/\/eesc.usp.br\/calouros\/wp-json\/wp\/v2\/pages\/4614\/revisions"}],"predecessor-version":[{"id":4619,"href":"https:\/\/eesc.usp.br\/calouros\/wp-json\/wp\/v2\/pages\/4614\/revisions\/4619"}],"wp:attachment":[{"href":"https:\/\/eesc.usp.br\/calouros\/wp-json\/wp\/v2\/media?parent=4614"}],"wp:term":[{"taxonomy":"category","embeddable":true,"href":"https:\/\/eesc.usp.br\/calouros\/wp-json\/wp\/v2\/categories?post=4614"},{"taxonomy":"post_tag","embeddable":true,"href":"https:\/\/eesc.usp.br\/calouros\/wp-json\/wp\/v2\/tags?post=4614"},{"taxonomy":"wf_page_folders","embeddable":true,"href":"https:\/\/eesc.usp.br\/calouros\/wp-json\/wp\/v2\/wf_page_folders?post=4614"}],"curies":[{"name":"wp","href":"https:\/\/api.w.org\/{rel}","templated":true}]}}