{"id":1292,"date":"2020-02-14T14:09:28","date_gmt":"2020-02-14T17:09:28","guid":{"rendered":"http:\/\/dev.sti.eesc.usp.br\/ceas\/?page_id=1292"},"modified":"2024-04-01T13:46:26","modified_gmt":"2024-04-01T16:46:26","slug":"sobre-o-ceas","status":"publish","type":"page","link":"https:\/\/eesc.usp.br\/ceas\/index.php\/sobre-o-ceas\/","title":{"rendered":"Sobre o CEAS"},"content":{"rendered":"<div id=\"pl-1292\"  class=\"panel-layout\" ><div id=\"pg-1292-0\"  class=\"panel-grid panel-no-style\" ><div id=\"pgc-1292-0-0\"  class=\"panel-grid-cell\" ><div id=\"panel-1292-0-0-0\" class=\"so-panel widget widget_themegrill_flash_heading tg-widget section-title-wrapper panel-first-child panel-last-child\" data-index=\"0\" >\t<h3 class=\"section-title\">Sobre o CEAS<\/h3>\n<\/div><\/div><\/div><div id=\"pg-1292-1\"  class=\"panel-grid panel-no-style\" ><div id=\"pgc-1292-1-0\"  class=\"panel-grid-cell\" ><div class=\"panel-cell-style panel-cell-style-for-1292-1-0\" ><div id=\"panel-1292-1-0-0\" class=\"so-panel widget widget_sow-editor panel-first-child\" data-index=\"1\" ><div class=\"aos-init panel-widget-style panel-widget-style-for-1292-1-0-0\" data-aos=\"fade-right\" data-aos-duration=\"600\" data-aos-easing=\"linear\" data-aos-delay=\"300\" data-aos-anchor-placement=\"top-bottom\" data-aos-once=\"true\" ><div\n\t\t\t\n\t\t\tclass=\"so-widget-sow-editor so-widget-sow-editor-base\"\n\t\t\t\n\t\t>\n<div class=\"siteorigin-widget-tinymce textwidget\">\n\t<p><span style=\"font-size: 20px;\"><i class=\"fas fa-user-check\"><\/i><strong> Nossa Miss\u00e3o<\/strong><\/span><\/p>\n<p style=\"padding-left: 40px; text-align: justify;\">O CEAS tem como miss\u00e3o dar apoio ao desenvolvimento de projetos de pesquisa e inova\u00e7\u00e3o de Engenharia com aplica\u00e7\u00e3o na \u00e1rea da Sa\u00fade, alocando tais projetos e disponibilizando servi\u00e7os de laborat\u00f3rios. Al\u00e9m disso, busca articular projetos de pesquisa entre os professores da EESC e de outras institui\u00e7\u00f5es no Pa\u00eds e no Exterior,\u00a0 fomentando o interc\u00e2mbio cient\u00edfico e tecnol\u00f3gico entre os grupos de pesquisa. Tamb\u00e9m atua na divulga\u00e7\u00e3o e extens\u00e3o, para a comunidade, dos benef\u00edcios gerados pelos projetos de pesquisa e inova\u00e7\u00e3o alocados no CEAS, facultando o acesso da popula\u00e7\u00e3o a terapias modernas e diagn\u00f3sticos mais precisos.<\/p>\n<\/div>\n<\/div><\/div><\/div><div id=\"panel-1292-1-0-1\" class=\"so-panel widget widget_sow-editor\" data-index=\"2\" ><div class=\"aos-init panel-widget-style panel-widget-style-for-1292-1-0-1\" data-aos=\"fade-right\" data-aos-duration=\"600\" data-aos-easing=\"linear\" data-aos-delay=\"300\" data-aos-anchor-placement=\"top-bottom\" data-aos-once=\"true\" ><div\n\t\t\t\n\t\t\tclass=\"so-widget-sow-editor so-widget-sow-editor-base\"\n\t\t\t\n\t\t>\n<div class=\"siteorigin-widget-tinymce textwidget\">\n\t<p style=\"text-align: justify;\"><span style=\"font-size: 20px;\"><i class=\"fas fa-eye\"><\/i> <strong>Nossa Vis\u00e3o<\/strong><\/span><\/p>\n<p style=\"padding-left: 40px;\">Ser um ponto de refer\u00eancia em pesquisa e inova\u00e7\u00e3o em Engenharia aplicada \u00e0 Sa\u00fade, nacional e internacionalmente.<\/p>\n<\/div>\n<\/div><\/div><\/div><div id=\"panel-1292-1-0-2\" class=\"so-panel widget widget_sow-editor\" data-index=\"3\" ><div class=\"aos-init panel-widget-style panel-widget-style-for-1292-1-0-2\" data-aos=\"fade-right\" data-aos-duration=\"600\" data-aos-easing=\"linear\" data-aos-delay=\"300\" data-aos-anchor-placement=\"top-bottom\" data-aos-once=\"true\" ><div\n\t\t\t\n\t\t\tclass=\"so-widget-sow-editor so-widget-sow-editor-base\"\n\t\t\t\n\t\t>\n<div class=\"siteorigin-widget-tinymce textwidget\">\n\t<p style=\"text-align: justify;\"><span style=\"font-size: 20px;\"><i class=\"fas fa-balance-scale\"><\/i> <strong>Nossos Valores<br \/>\n<\/strong><\/span><\/p>\n<p style=\"text-align: justify; padding-left: 40px;\">Atuar com \u00e9tica e integridade, respeitando a dignidade e o direito \u00e0 vida de animais de laborat\u00f3rio, volunt\u00e1rios e p\u00fablico em geral. Nortear e definir padr\u00f5es de decis\u00e3o baseados nas responsabilidades morais e sociais, virtudes cultivadas pelos profissionais envolvidos com o Centro.<\/p>\n<\/div>\n<\/div><\/div><\/div><div id=\"panel-1292-1-0-3\" class=\"so-panel widget widget_sow-editor\" data-index=\"4\" ><div class=\"aos-init panel-widget-style panel-widget-style-for-1292-1-0-3\" data-aos=\"fade-right\" data-aos-duration=\"600\" data-aos-easing=\"linear\" data-aos-delay=\"300\" data-aos-anchor-placement=\"top-bottom\" data-aos-once=\"true\" ><div\n\t\t\t\n\t\t\tclass=\"so-widget-sow-editor so-widget-sow-editor-base\"\n\t\t\t\n\t\t>\n<div class=\"siteorigin-widget-tinymce textwidget\">\n\t<p><span style=\"font-size: 20px;\"><i class=\"fas fa-route\"><\/i><strong> Hist\u00f3rico<\/strong><\/span><\/p>\n<p style=\"padding-left: 40px; text-align: justify;\">O CEAS foi criado em Novembro de 2012 por meio da Portaria EESC no. 59\/2012, sendo sua cria\u00e7\u00e3o uma iniciativa dos diversos professores da EESC que atuavam em temas relacionados \u00e0 Sa\u00fade. Como primeiro diretor do CEAS, assumiu o cargo o Prof. Tit. Jonas de Carvalho, do Departamento de Engenharia Mec\u00e2nica.<\/p>\n<p style=\"padding-left: 40px; text-align: justify;\">No in\u00edcio de 2014, a diretoria da EESC disponibilizou a \u00e1rea atualmente ocupada pelo CEAS, o segundo andar do antigo pr\u00e9dio do Departamento de Engharia de Materiais. Os primeiros projetos de pesquisa alocados no CEAS tiveram suas atividades iniciados em meados de 2014.<\/p>\n<p style=\"padding-left: 40px; text-align: justify;\">O Prof. Jonas atuou como diretor at\u00e9 2018, sendo substitu\u00eddo pela Profa. Tit. Lauralice de Campos Franceschini Canale, com mandato de 2018 a 2020.<\/p>\n<\/div>\n<\/div><\/div><\/div><div id=\"panel-1292-1-0-4\" class=\"so-panel widget widget_sow-editor panel-last-child\" data-index=\"5\" ><div class=\"aos-init panel-widget-style panel-widget-style-for-1292-1-0-4\" data-aos=\"fade-right\" data-aos-duration=\"600\" data-aos-easing=\"linear\" data-aos-delay=\"300\" data-aos-anchor-placement=\"top-bottom\" data-aos-once=\"true\" ><div\n\t\t\t\n\t\t\tclass=\"so-widget-sow-editor so-widget-sow-editor-base\"\n\t\t\t\n\t\t>\n<div class=\"siteorigin-widget-tinymce textwidget\">\n\t<p><span style=\"font-size: 20px;\"><i class=\"fas fa-sitemap\"><\/i> <strong>Organiza\u00e7\u00e3o<\/strong><\/span><\/p>\n<p style=\"padding-left: 40px; text-align: justify;\">O CEAS \u00e9 formado pela Diretoria, pelo Conselho Deliberativo e pela Coordenadoria de Projetos de Pesquisa. A Diretoria executa as a\u00e7\u00f5es conforme as disposi\u00e7\u00f5es do Conselho Deliberativo, do qual fazem parte representantes dos departamentos da EESC envolvidos com o CEAS. A Coordenadoria de Projetos de Pesquisa \u00e9 respons\u00e1vel por coordenar e supervisionar as atividades t\u00e9cnico-cient\u00edficas do CEAS.<\/p>\n<p style=\"padding-left: 40px; text-align: justify;\">Al\u00e9m disso, todos os professores da EESC que atuam na \u00e1rea da Sa\u00fade s\u00e3o considerados Colaboradores do CEAS.<\/p>\n<\/div>\n<\/div><\/div><\/div><\/div><\/div><\/div><div id=\"pg-1292-2\"  class=\"panel-grid panel-has-style\" ><div class=\"panel-row-style panel-row-style-for-1292-2\" ><div id=\"pgc-1292-2-0\"  class=\"panel-grid-cell panel-grid-cell-empty panel-grid-cell-mobile-last\" ><div class=\"panel-cell-style panel-cell-style-for-1292-2-0\" ><\/div><\/div><div id=\"pgc-1292-2-1\"  class=\"panel-grid-cell panel-grid-cell-empty\" ><div class=\"panel-cell-style panel-cell-style-for-1292-2-1\" ><\/div><\/div><\/div><\/div><div id=\"pg-1292-3\"  class=\"panel-grid panel-has-style\" ><div class=\"panel-row-style panel-row-style-for-1292-3\" ><div id=\"pgc-1292-3-0\"  class=\"panel-grid-cell panel-grid-cell-mobile-last\" ><div class=\"panel-cell-style panel-cell-style-for-1292-3-0\" ><div id=\"panel-1292-3-0-0\" class=\"so-panel widget widget_sow-headline panel-first-child\" data-index=\"6\" ><div class=\"aos-init panel-widget-style panel-widget-style-for-1292-3-0-0\" data-aos=\"fade-right\" data-aos-duration=\"600\" data-aos-easing=\"linear\" data-aos-delay=\"300\" data-aos-anchor-placement=\"top-bottom\" data-aos-once=\"true\" ><div\n\t\t\t\n\t\t\tclass=\"so-widget-sow-headline so-widget-sow-headline-default-3e71f185e196-1292\"\n\t\t\t\n\t\t><div class=\"sow-headline-container \">\n\t\t\t\t\t\t\t<h6 class=\"sow-headline\">\n\t\t\t\t\t\tComposi\u00e7\u00e3o do Conselho Deliberativo (CD) do CEAS\t\t\t\t\t\t<\/h6>\n\t\t\t\t\t\t\t\t\t\t\t<div class=\"decoration\">\n\t\t\t\t\t\t<div class=\"decoration-inside\"><\/div>\n\t\t\t\t\t<\/div>\n\t\t\t\t\t<\/div>\n<\/div><\/div><\/div><div id=\"panel-1292-3-0-1\" class=\"so-panel widget widget_sow-editor panel-last-child\" data-index=\"7\" ><div class=\"aos-init panel-widget-style panel-widget-style-for-1292-3-0-1\" data-aos=\"fade-up\" data-aos-duration=\"600\" data-aos-easing=\"linear\" data-aos-delay=\"300\" data-aos-anchor-placement=\"top-bottom\" data-aos-once=\"true\" ><div\n\t\t\t\n\t\t\tclass=\"so-widget-sow-editor so-widget-sow-editor-base\"\n\t\t\t\n\t\t>\n<div class=\"siteorigin-widget-tinymce textwidget\">\n\t<p style=\"text-align: center;\"><span style=\"font-size: 16px;\"><strong>Mandato: 02\/10\/2022 a 01\/10\/2024<\/strong><\/span><\/p>\n<table class=\"aligncenter\" style=\"height: 48px; width: 100%; border-collapse: collapse; border-style: none; border-color: #ffffff;\" border=\"1\" cellspacing=\"5\" cellpadding=\"10\">\n<tbody>\n<tr style=\"height: 24px;\">\n<td style=\"height: 24px; width: 38.0764%; border-style: none;\"><span style=\"font-size: 14px;\"><strong>DIRETOR<\/strong><\/span><\/td>\n<td style=\"width: 61.9236%; height: 24px; border-style: none;\"><span style=\"font-size: 14px;\">Prof. Assoc. Adriano Almeida G. Siqueira<\/span><\/td>\n<\/tr>\n<tr style=\"height: 24px;\">\n<td style=\"height: 24px; width: 38.0764%; border-style: none;\"><span style=\"font-size: 14px;\"><strong>VICE-DIRETOR<\/strong><\/span><\/td>\n<td style=\"width: 61.9236%; height: 24px; border-style: none;\"><span style=\"font-size: 14px;\">Prof. Titular \u00a0Glauco Augusto de Paula Caurin<\/span><\/td>\n<\/tr>\n<\/tbody>\n<\/table>\n<p>&nbsp;<\/p>\n<p style=\"text-align: center;\"><span style=\"font-size: 16px;\"><strong>Mandato: 21\/03\/2024 \u2013 20\/03\/2026<\/strong><\/span><\/p>\n<table style=\"height: 120px; width: 100%; border-collapse: collapse; border-style: none;\" border=\"0\" cellspacing=\"5\" cellpadding=\"15\">\n<tbody>\n<tr>\n<td style=\"width: 15%; border-style: none;\"><span style=\"font-size: 14px;\">DEPARTAMENTO<\/span><\/td>\n<td style=\"width: 42.5%; border-style: none;\"><span style=\"font-size: 14px;\">TITULAR<\/span><\/td>\n<td style=\"border-style: none;\"><span style=\"font-size: 14px;\">SUPLENTE<\/span><\/td>\n<\/tr>\n<tr style=\"height: 24px;\">\n<td style=\"width: 15%; height: 24px; border-style: none;\"><span style=\"font-size: 14px;\">SEL<\/span><\/td>\n<td style=\"width: 42.5%; height: 24px; border-style: none;\"><span style=\"font-size: 14px;\">Prof. Dr. Jo\u00e3o Paulo Pereira do Carmo<\/span><\/td>\n<td style=\"height: 24px; border-style: none;\"><span style=\"font-size: 14px;\">Prof. Dr. Emiliano Rezende Martins<\/span><\/td>\n<\/tr>\n<tr style=\"height: 24px;\">\n<td style=\"width: 15%; height: 24px; border-style: none;\"><span style=\"font-size: 14px;\">SEM<\/span><\/td>\n<td style=\"width: 42.5%; height: 24px; border-style: none;\"><span style=\"font-size: 14px;\">Prof. Dr. Thiago Boaventura Cunha<\/span><\/td>\n<td style=\"width: 42.5%; height: 24px; border-style: none;\"><span style=\"font-size: 14px;\">Profa. Dra. Zilda de Castro Silveira<\/span><\/td>\n<\/tr>\n<tr style=\"height: 24px;\">\n<td style=\"width: 15%; height: 24px; border-style: none;\"><span style=\"font-size: 14px;\">SEP<\/span><\/td>\n<td style=\"width: 42.5%; height: 24px; border-style: none;\"><span style=\"font-size: 14px;\">Prof. Dr. Marcel Andreotti Musetti<\/span><\/td>\n<td style=\"width: 42.5%; height: 24px; border-style: none;\"><span style=\"font-size: 14px;\">Prof. Tit. Reginaldo Teixeira Coelho<\/span><\/td>\n<\/tr>\n<tr style=\"height: 24px;\">\n<td style=\"width: 15%; height: 24px; border-style: none;\"><span style=\"font-size: 14px;\">SHS<\/span><\/td>\n<td style=\"width: 42.5%; height: 24px; border-style: none;\"><span style=\"font-size: 14px;\">Prof. Assoc. Luiz Antonio Daniel<\/span><\/td>\n<td style=\"width: 42.5%; height: 24px; border-style: none;\"><span style=\"font-size: 14px;\">Prof. Dr. Jamil Alexandre Ayach Anache<\/span><\/td>\n<\/tr>\n<tr style=\"height: 24px;\">\n<td style=\"width: 15%; height: 24px; border-style: none;\"><span style=\"font-size: 14px;\">SMM<\/span><\/td>\n<td style=\"width: 42.5%; height: 24px; border-style: none;\"><span style=\"font-size: 14px;\">Prof. Dr. Eduardo Bellini Ferreira<\/span><\/td>\n<td style=\"width: 42.5%; height: 24px; border-style: none;\"><span style=\"font-size: 14px;\">Prof. Dr. Marcelo Falc\u00e3o de Oliveira<\/span><\/td>\n<\/tr>\n<\/tbody>\n<\/table>\n<table style=\"height: 48px; width: 100%; border-collapse: collapse; border-style: none;\" border=\"0\" cellspacing=\"5\" cellpadding=\"10\">\n<tbody>\n<tr style=\"height: 24px;\">\n<td style=\"width: 15%; height: 24px; border-style: none;\"><span style=\"font-size: 14px;\">Representante Funcion\u00e1rios\u00a0<\/span><\/td>\n<td style=\"width: 42.5%; height: 24px; border-style: none;\"><span style=\"font-size: 14px;\">Orivaldo Lopes da Silva<\/span><\/td>\n<td style=\"width: 42.5%; height: 24px; border-style: none;\"><span style=\"font-size: 14px;\">Mandato: 24.11.2023 e 23.11.2025<\/span><\/td>\n<\/tr>\n<\/tbody>\n<\/table>\n<\/div>\n<\/div><\/div><\/div><\/div><\/div><div id=\"pgc-1292-3-1\"  class=\"panel-grid-cell panel-grid-cell-empty\" ><div class=\"panel-cell-style panel-cell-style-for-1292-3-1\" ><\/div><\/div><\/div><\/div><div id=\"pg-1292-4\"  class=\"panel-grid panel-has-style\" ><div class=\"panel-row-style panel-row-style-for-1292-4\" ><div id=\"pgc-1292-4-0\"  class=\"panel-grid-cell panel-grid-cell-mobile-last\" ><div class=\"panel-cell-style panel-cell-style-for-1292-4-0\" ><div id=\"panel-1292-4-0-0\" class=\"so-panel widget widget_sow-headline panel-first-child\" data-index=\"8\" ><div class=\"aos-init panel-widget-style panel-widget-style-for-1292-4-0-0\" data-aos=\"fade-left\" data-aos-duration=\"600\" data-aos-easing=\"linear\" data-aos-delay=\"300\" data-aos-anchor-placement=\"top-bottom\" data-aos-once=\"true\" ><div\n\t\t\t\n\t\t\tclass=\"so-widget-sow-headline so-widget-sow-headline-default-3e71f185e196-1292\"\n\t\t\t\n\t\t><div class=\"sow-headline-container \">\n\t\t\t\t\t\t<div class=\"decoration\">\n\t\t\t\t\t\t<div class=\"decoration-inside\"><\/div>\n\t\t\t\t\t<\/div>\n\t\t\t\t\t<\/div>\n<\/div><\/div><\/div><div id=\"panel-1292-4-0-1\" class=\"so-panel widget widget_sow-headline\" data-index=\"9\" ><div class=\"aos-init panel-widget-style panel-widget-style-for-1292-4-0-1\" data-aos=\"fade-left\" data-aos-duration=\"600\" data-aos-easing=\"linear\" data-aos-delay=\"300\" data-aos-anchor-placement=\"top-bottom\" data-aos-once=\"true\" ><div\n\t\t\t\n\t\t\tclass=\"so-widget-sow-headline so-widget-sow-headline-default-3e71f185e196-1292\"\n\t\t\t\n\t\t><div class=\"sow-headline-container \">\n\t\t\t\t\t\t\t<h6 class=\"sow-headline\">\n\t\t\t\t\t\tEquipe T\u00e9cnica\t\t\t\t\t\t<\/h6>\n\t\t\t\t\t\t\t\t\t\t\t<div class=\"decoration\">\n\t\t\t\t\t\t<div class=\"decoration-inside\"><\/div>\n\t\t\t\t\t<\/div>\n\t\t\t\t\t<\/div>\n<\/div><\/div><\/div><div id=\"panel-1292-4-0-2\" class=\"so-panel widget widget_sow-editor panel-last-child\" data-index=\"10\" ><div class=\"aos-init panel-widget-style panel-widget-style-for-1292-4-0-2\" data-aos=\"fade-up\" data-aos-duration=\"600\" data-aos-easing=\"linear\" data-aos-delay=\"600\" data-aos-anchor-placement=\"top-bottom\" data-aos-once=\"true\" ><div\n\t\t\t\n\t\t\tclass=\"so-widget-sow-editor so-widget-sow-editor-base\"\n\t\t\t\n\t\t>\n<div class=\"siteorigin-widget-tinymce textwidget\">\n\t<p>Nelson Ferreira da Silva J\u00fanior - Bi\u00f3logo<br \/>\nNilza Irene Gallo - Secret\u00e1ria<br \/>\nOrivaldo Lopes da Silva \u2013 Coordenador de Projetos de Pesquisa<\/p>\n<\/div>\n<\/div><\/div><\/div><\/div><\/div><div id=\"pgc-1292-4-1\"  class=\"panel-grid-cell panel-grid-cell-empty\" ><div class=\"panel-cell-style panel-cell-style-for-1292-4-1\" ><\/div><\/div><\/div><\/div><\/div>","protected":false},"excerpt":{"rendered":"<p>Nossa Miss\u00e3o O CEAS tem como miss\u00e3o dar apoio ao desenvolvimento de projetos de pesquisa e inova\u00e7\u00e3o de Engenharia com [&hellip;]<\/p>\n","protected":false},"author":1,"featured_media":0,"parent":0,"menu_order":0,"comment_status":"closed","ping_status":"closed","template":"","meta":{"footnotes":""},"wf_page_folders":[42],"_links":{"self":[{"href":"https:\/\/eesc.usp.br\/ceas\/index.php\/wp-json\/wp\/v2\/pages\/1292"}],"collection":[{"href":"https:\/\/eesc.usp.br\/ceas\/index.php\/wp-json\/wp\/v2\/pages"}],"about":[{"href":"https:\/\/eesc.usp.br\/ceas\/index.php\/wp-json\/wp\/v2\/types\/page"}],"author":[{"embeddable":true,"href":"https:\/\/eesc.usp.br\/ceas\/index.php\/wp-json\/wp\/v2\/users\/1"}],"replies":[{"embeddable":true,"href":"https:\/\/eesc.usp.br\/ceas\/index.php\/wp-json\/wp\/v2\/comments?post=1292"}],"version-history":[{"count":95,"href":"https:\/\/eesc.usp.br\/ceas\/index.php\/wp-json\/wp\/v2\/pages\/1292\/revisions"}],"predecessor-version":[{"id":3016,"href":"https:\/\/eesc.usp.br\/ceas\/index.php\/wp-json\/wp\/v2\/pages\/1292\/revisions\/3016"}],"wp:attachment":[{"href":"https:\/\/eesc.usp.br\/ceas\/index.php\/wp-json\/wp\/v2\/media?parent=1292"}],"wp:term":[{"taxonomy":"wf_page_folders","embeddable":true,"href":"https:\/\/eesc.usp.br\/ceas\/index.php\/wp-json\/wp\/v2\/wf_page_folders?post=1292"}],"curies":[{"name":"wp","href":"https:\/\/api.w.org\/{rel}","templated":true}]}}