{"id":2777,"date":"2021-03-14T18:10:55","date_gmt":"2021-03-14T21:10:55","guid":{"rendered":"http:\/\/dev.sti.eesc.usp.br\/ceas\/?page_id=2777"},"modified":"2021-03-30T11:37:43","modified_gmt":"2021-03-30T14:37:43","slug":"eventos-e-noticias","status":"publish","type":"page","link":"https:\/\/eesc.usp.br\/ceas\/index.php\/eventos-e-noticias\/","title":{"rendered":"Eventos e Not\u00edcias"},"content":{"rendered":"<div class=\"pt-cv-wrapper\"><div class=\"pt-cv-view pt-cv-grid pt-cv-colsys\" id=\"pt-cv-view-83fefa1cno\"><div data-id=\"pt-cv-page-1\" class=\"pt-cv-page\" data-cvc=\"2\"><div class=\"col-md-6 col-sm-12 col-xs-12 pt-cv-content-item pt-cv-2-col\" ><div class='pt-cv-ifield'><h4 class=\"pt-cv-title\"><a href=\"https:\/\/eesc.usp.br\/ceas\/index.php\/2021\/03\/30\/ii-webinar-ceas\/\" class=\"_self\" target=\"_self\" >II Webinar CEAS<\/a><\/h4>\n<div class=\"pt-cv-content\">Em comemora\u00e7\u00e3o ao M\u00eas da Mulher, o Centro de Engenharia Aplicada \u00e0 Sa\u00fade (CEAS),\u00a0 realizou no dia 29 de mar\u00e7o de 2021, o II Webinar CEAS &#8211; O papel da Mulher nas Ci\u00eancia Exatas visando a aplica\u00e7\u00f5es na Sa\u00fade. O evento contou com a participa\u00e7\u00e3o da Profa. Dra. Yvonne Mascarenhas, ...<br \/><div class=\"pt-cv-rmwrap\"><a href=\"https:\/\/eesc.usp.br\/ceas\/index.php\/2021\/03\/30\/ii-webinar-ceas\/\" class=\"_self pt-cv-readmore btn btn-success\" target=\"_self\">Leia Mais<\/a><\/div><\/div>\n<div class=\"pt-cv-meta-fields\"><span class=\"entry-date\"> <time datetime=\"2021-03-30T11:40:26-03:00\">30\/03\/2021<\/time><\/span><span> \/ <\/span><span class=\"terms\"> <a href='https:\/\/eesc.usp.br\/ceas\/index.php\/category\/eventos\/' title='Eventos' class='pt-cv-tax-eventos'>Eventos<\/a><\/span><\/div><\/div><\/div>\n<div class=\"col-md-6 col-sm-12 col-xs-12 pt-cv-content-item pt-cv-2-col\" ><div class='pt-cv-ifield'><h4 class=\"pt-cv-title\"><a href=\"https:\/\/eesc.usp.br\/ceas\/index.php\/2021\/03\/14\/webinar-ceas-2020\/\" class=\"_self\" target=\"_self\" >Webinar CEAS 2020<\/a><\/h4>\n<div class=\"pt-cv-content\">Centro de Engenharia Aplicada \u00e0 Sa\u00fade (CEAS) realizou no dia 25 de novembro de 2020, o Webinar CEAS 2020, evento em que os projetos atualmente alocados no CEAS foram apresentados e discutidos. Tamb\u00e9m foi apresentado o projeto de desenvolvimento do Respirador Artificial Integrado, um equipamento de baixo custo voltado ao ...<br \/><div class=\"pt-cv-rmwrap\"><a href=\"https:\/\/eesc.usp.br\/ceas\/index.php\/2021\/03\/14\/webinar-ceas-2020\/\" class=\"_self pt-cv-readmore btn btn-success\" target=\"_self\">Leia Mais<\/a><\/div><\/div>\n<div class=\"pt-cv-meta-fields\"><span class=\"entry-date\"> <time datetime=\"2021-03-14T17:49:35-03:00\">14\/03\/2021<\/time><\/span><span> \/ <\/span><span class=\"terms\"> <a href='https:\/\/eesc.usp.br\/ceas\/index.php\/category\/eventos\/' title='Eventos' class='pt-cv-tax-eventos'>Eventos<\/a><\/span><\/div><\/div><\/div>\n<div class=\"col-md-6 col-sm-12 col-xs-12 pt-cv-content-item pt-cv-2-col\" ><div class='pt-cv-ifield'><h4 class=\"pt-cv-title\"><a href=\"https:\/\/eesc.usp.br\/ceas\/index.php\/2017\/06\/06\/wbem-2017-2nd-workshop-bone-as-an-engineering-material-assessment-of-bone-quality-microstructure-function-and-diseases\/\" class=\"_self\" target=\"_self\" >WBEM 2017 \u2013 2nd Workshop Bone as an Engineering Material \u2013 Assessment of Bone Quality: Microstructure, Function and Diseases<\/a><\/h4>\n<div class=\"pt-cv-content\">Entre os dias 6 a 9 de Junho de 2017, o Centro de Engenharia Aplicada \u00e0 Sa\u00fade realizou o 2nd Workshop Bone as an Engineering Material (WBEM), evento teve por objetivo apresentar o estado-da-arte sobre a caracteriza\u00e7\u00e3o da qualidade \u00f3ssea visando ao diagn\u00f3stico e monitoramento de doen\u00e7as do metabolismo \u00f3sseo, ...<br \/><div class=\"pt-cv-rmwrap\"><a href=\"https:\/\/eesc.usp.br\/ceas\/index.php\/2017\/06\/06\/wbem-2017-2nd-workshop-bone-as-an-engineering-material-assessment-of-bone-quality-microstructure-function-and-diseases\/\" class=\"_self pt-cv-readmore btn btn-success\" target=\"_self\">Leia Mais<\/a><\/div><\/div>\n<div class=\"pt-cv-meta-fields\"><span class=\"entry-date\"> <time datetime=\"2017-06-06T08:00:32-03:00\">06\/06\/2017<\/time><\/span><span> \/ <\/span><span class=\"terms\"> <a href='https:\/\/eesc.usp.br\/ceas\/index.php\/category\/eventos\/' title='Eventos' class='pt-cv-tax-eventos'>Eventos<\/a><\/span><\/div><\/div><\/div>\n<div class=\"col-md-6 col-sm-12 col-xs-12 pt-cv-content-item pt-cv-2-col\" ><div class='pt-cv-ifield'><h4 class=\"pt-cv-title\"><a href=\"https:\/\/eesc.usp.br\/ceas\/index.php\/2016\/06\/24\/oficina-de-inovacao\/\" class=\"_self\" target=\"_self\" >Oficina de Inova\u00e7\u00e3o<\/a><\/h4>\n<div class=\"pt-cv-content\">A Ag\u00eancia USP de Inova\u00e7\u00e3o em parceria com o Centro Avan\u00e7ado EESC para Apoio \u00e0 Inova\u00e7\u00e3o (EESCin) e o Centro de Engenharia Aplicada \u00e0 Sa\u00fade (CEAS-EESC) lan\u00e7aram no 1\u00ba. semestre de 2016 uma chamada que visou a apoiar projetos com car\u00e1ter inovador submetidos por alunos de gradua\u00e7\u00e3o regularmente matriculados em ...<br \/><div class=\"pt-cv-rmwrap\"><a href=\"https:\/\/eesc.usp.br\/ceas\/index.php\/2016\/06\/24\/oficina-de-inovacao\/\" class=\"_self pt-cv-readmore btn btn-success\" target=\"_self\">Leia Mais<\/a><\/div><\/div>\n<div class=\"pt-cv-meta-fields\"><span class=\"entry-date\"> <time datetime=\"2016-06-24T08:00:01-03:00\">24\/06\/2016<\/time><\/span><span> \/ <\/span><span class=\"terms\"> <a href='https:\/\/eesc.usp.br\/ceas\/index.php\/category\/eventos\/' title='Eventos' class='pt-cv-tax-eventos'>Eventos<\/a><\/span><\/div><\/div><\/div><\/div><\/div><\/div>\n","protected":false},"excerpt":{"rendered":"","protected":false},"author":1,"featured_media":0,"parent":0,"menu_order":0,"comment_status":"closed","ping_status":"closed","template":"","meta":{"footnotes":""},"wf_page_folders":[41],"_links":{"self":[{"href":"https:\/\/eesc.usp.br\/ceas\/index.php\/wp-json\/wp\/v2\/pages\/2777"}],"collection":[{"href":"https:\/\/eesc.usp.br\/ceas\/index.php\/wp-json\/wp\/v2\/pages"}],"about":[{"href":"https:\/\/eesc.usp.br\/ceas\/index.php\/wp-json\/wp\/v2\/types\/page"}],"author":[{"embeddable":true,"href":"https:\/\/eesc.usp.br\/ceas\/index.php\/wp-json\/wp\/v2\/users\/1"}],"replies":[{"embeddable":true,"href":"https:\/\/eesc.usp.br\/ceas\/index.php\/wp-json\/wp\/v2\/comments?post=2777"}],"version-history":[{"count":3,"href":"https:\/\/eesc.usp.br\/ceas\/index.php\/wp-json\/wp\/v2\/pages\/2777\/revisions"}],"predecessor-version":[{"id":3026,"href":"https:\/\/eesc.usp.br\/ceas\/index.php\/wp-json\/wp\/v2\/pages\/2777\/revisions\/3026"}],"wp:attachment":[{"href":"https:\/\/eesc.usp.br\/ceas\/index.php\/wp-json\/wp\/v2\/media?parent=2777"}],"wp:term":[{"taxonomy":"wf_page_folders","embeddable":true,"href":"https:\/\/eesc.usp.br\/ceas\/index.php\/wp-json\/wp\/v2\/wf_page_folders?post=2777"}],"curies":[{"name":"wp","href":"https:\/\/api.w.org\/{rel}","templated":true}]}}