{"id":2781,"date":"2021-03-14T18:39:39","date_gmt":"2021-03-14T21:39:39","guid":{"rendered":"http:\/\/dev.sti.eesc.usp.br\/ceas\/?page_id=2781"},"modified":"2021-05-06T17:05:56","modified_gmt":"2021-05-06T20:05:56","slug":"professores-colaboradores","status":"publish","type":"page","link":"https:\/\/eesc.usp.br\/ceas\/index.php\/professores-colaboradores\/","title":{"rendered":"Professores Colaboradores"},"content":{"rendered":"<div id=\"pl-2781\"  class=\"panel-layout\" ><div id=\"pg-2781-0\"  class=\"panel-grid panel-no-style\" ><div id=\"pgc-2781-0-0\"  class=\"panel-grid-cell\" ><div id=\"panel-2781-0-0-0\" class=\"so-panel widget widget_themegrill_flash_heading tg-widget section-title-wrapper panel-first-child panel-last-child\" data-index=\"0\" >\t<h3 class=\"section-title\">Professores Colaboradores<\/h3>\n<\/div><\/div><\/div><div id=\"pg-2781-1\"  class=\"panel-grid panel-no-style\" ><div id=\"pgc-2781-1-0\"  class=\"panel-grid-cell\" ><div id=\"panel-2781-1-0-0\" class=\"so-panel widget widget_sow-editor panel-first-child\" data-index=\"1\" ><div class=\"aos-init panel-widget-style panel-widget-style-for-2781-1-0-0\" data-aos=\"fade-right\" data-aos-duration=\"600\" data-aos-easing=\"linear\" data-aos-delay=\"300\" data-aos-anchor-placement=\"top-bottom\" data-aos-once=\"true\" ><div\n\t\t\t\n\t\t\tclass=\"so-widget-sow-editor so-widget-sow-editor-base\"\n\t\t\t\n\t\t>\n<div class=\"siteorigin-widget-tinymce textwidget\">\n\t\n<table id=\"tablepress-colaboradores\" class=\"tablepress tablepress-id-colaboradores\">\n<tbody>\n<tr class=\"row-1 odd\">\n\t<td colspan=\"4\" class=\"column-1\"><center><strong>ENGENHARIA AERON\u00c1UTICA<\/strong><\/center><\/td>\n<\/tr>\n<tr class=\"row-2 even\">\n\t<td class=\"column-1\"><strong>Nome do Docente<\/strong><\/td><td class=\"column-2\"><strong>Laborat\u00f3rio<\/strong><\/td><td class=\"column-3\"><strong>e-mail<\/strong><\/td><td class=\"column-4\"><strong>\u00c1rea de atua\u00e7\u00e3o<\/strong><\/td>\n<\/tr>\n<tr class=\"row-3 odd\">\n\t<td class=\"column-1\">Glauco Augusto de Paula Caurin<\/td><td class=\"column-2\">Laborat\u00f3rio de Manipula\u00e7\u00e3o Rob\u00f3tica<\/td><td class=\"column-3\">&#103;c&#97;u&#114;i&#x6e;&#64;&#x73;c&#x2e;u&#x73;p&#x2e;b&#x72;<\/td><td class=\"column-4\">Rob\u00f3tica colaborativa, Manipula\u00e7\u00e3o rob\u00f3tica, Reabilita\u00e7\u00e3o rob\u00f3tica<\/td>\n<\/tr>\n<\/tbody>\n<\/table>\n<!-- #tablepress-colaboradores from cache -->\n<\/div>\n<\/div><\/div><\/div><div id=\"panel-2781-1-0-1\" class=\"so-panel widget widget_sow-editor\" data-index=\"2\" ><div class=\"aos-init panel-widget-style panel-widget-style-for-2781-1-0-1\" data-aos=\"fade-left\" data-aos-duration=\"600\" data-aos-easing=\"linear\" data-aos-delay=\"300\" data-aos-anchor-placement=\"top-bottom\" data-aos-once=\"true\" ><div\n\t\t\t\n\t\t\tclass=\"so-widget-sow-editor so-widget-sow-editor-base\"\n\t\t\t\n\t\t>\n<div class=\"siteorigin-widget-tinymce textwidget\">\n\t\n<table id=\"tablepress-colaboradores-no-2\" class=\"tablepress tablepress-id-colaboradores\">\n<tbody>\n<tr class=\"row-1 odd\">\n\t<td colspan=\"4\" class=\"column-1\"><center><strong>ENGENHARIA EL\u00c9TRICA<\/strong><\/center><\/td>\n<\/tr>\n<tr class=\"row-2 even\">\n\t<td class=\"column-1\"><strong>Nome do Docente<\/strong><\/td><td class=\"column-2\"><strong>Laborat\u00f3rio<\/strong><\/td><td class=\"column-3\"><strong>e-mail<\/strong><\/td><td class=\"column-4\"><strong>\u00c1rea de atua\u00e7\u00e3o<\/strong><\/td>\n<\/tr>\n<tr class=\"row-3 odd\">\n\t<td class=\"column-1\">Alberto Cliquet Junior\u00a0\u00a0\u00a0 <\/td><td class=\"column-2\">Laborat\u00f3rio de Biocibern\u00e9tica e Engenharia de Reabilita\u00e7\u00e3o<\/td><td class=\"column-3\">&#99;&#x6c;i&#113;&#x75;&#101;&#x74;&#64;&#115;&#x63;&#46;&#x75;&#x73;&#112;&#x2e;b&#114;<\/td><td class=\"column-4\">Estimula\u00e7\u00e3o El\u00e9trica Funcional<\/td>\n<\/tr>\n<tr class=\"row-4 even\">\n\t<td class=\"column-1\">Ben-Hur Viana Borges<\/td><td class=\"column-2\">Grupo de Metamateriais: Micro-ondas e \u00d3ptica (GMeta)<\/td><td class=\"column-3\">&#98;e&#x6e;h&#x75;r&#x40;&#115;&#x63;&#46;&#x75;&#115;p&#x2e;b&#x72;<\/td><td class=\"column-4\">Micro-ondas e \u00d3ptica<\/td>\n<\/tr>\n<tr class=\"row-5 odd\">\n\t<td class=\"column-1\">Homero Schiabel\u00a0<\/td><td class=\"column-2\">LAPIMO - Laborat\u00f3rio de An\u00e1lise e Processamento de Imagens M\u00e9dicas e Odontol\u00f3gicas\u00a0<\/td><td class=\"column-3\">hom&#101;&#114;&#111;&#x40;&#x73;&#x63;&#x2e;&#x75;&#x73;p&#46;b&#114;<\/td><td class=\"column-4\">Processamento Digital de Imagens M\u00e9dicas - Mamografia - Controle de Qualidade em Radiodiagn\u00f3stico<\/td>\n<\/tr>\n<tr class=\"row-6 even\">\n\t<td class=\"column-1\">Jo\u00e3o Paulo Pereira do Carmo<\/td><td class=\"column-2\">Grupo de Metamateriais, Microondas e \u00d3ptica (GMeta)\u00a0<\/td><td class=\"column-3\">&#x6a;&#x63;&#x61;&#x72;&#x6d;&#x6f;&#x40;&#x73;&#x63;&#x2e;&#x75;&#x73;&#x70;&#x2e;&#x62;&#x72;<\/td><td class=\"column-4\">Instrumenta\u00e7\u00e3o e Microssistemas Electr\u00f4nicos<\/td>\n<\/tr>\n<tr class=\"row-7 odd\">\n\t<td class=\"column-1\">Jos\u00e9 Marcos Alves<\/td><td class=\"column-2\">-<\/td><td class=\"column-3\">&#x6a;&#x6d;&#x61;&#64;&#115;c&#46;&#x75;&#x73;&#x70;&#46;&#98;r<\/td><td class=\"column-4\">Estimula\u00e7\u00e3o ultrass\u00f4nica da regenera\u00e7\u00e3o de tecido \u00f3sseo e caracteriza\u00e7\u00e3o da qualidade \u00f3ssea para o diagn\u00f3stico de osteoporose<\/td>\n<\/tr>\n<tr class=\"row-8 even\">\n\t<td class=\"column-1\">Liliane Ventura<\/td><td class=\"column-2\">Lab. de Instrumenta\u00e7\u00e3o Oft\u00e1lmica - EESC-USP \u00a0 e CERTIFICA-LIO<\/td><td class=\"column-3\">l&#105;&#108;&#x69;&#x61;&#x6e;e&#118;&#101;&#x6e;&#x74;&#x75;ra&#64;&#x75;&#x73;&#x70;&#46;b&#114;<\/td><td class=\"column-4\">Oftalmologia (desenvolvimento de equipamentos) e \u00f3culos de sol (normas e ensaios)<\/td>\n<\/tr>\n<tr class=\"row-9 odd\">\n\t<td class=\"column-1\">Marcelo Andrade da Costa Vieira<\/td><td class=\"column-2\">Laborat\u00f3rio de Vis\u00e3o Computacional (LAVI)<\/td><td class=\"column-3\">&#x6d;&#118;i&#x65;&#105;r&#x61;&#64;s&#x63;&#46;u&#x73;&#112;&#46;&#x62;&#114;\u00a0<\/td><td class=\"column-4\">Processamento de Imagens M\u00e9dicas (Raios X, Mamografia Digital, Tomoss\u00edntese Mam\u00e1ria, Resson\u00e2ncia Magn\u00e9tica), Filtragem de Ru\u00eddo em Imagens M\u00e9dicas, Redu\u00e7\u00e3o da Dose de Radia\u00e7\u00e3o em Imagens M\u00e9dicas, Vis\u00e3o Computacional Aplicada em Imagens M\u00e9dicas, Redes Neurais Aplicadas para Imagens M\u00e9dicas.<\/td>\n<\/tr>\n<\/tbody>\n<\/table>\n<!-- #tablepress-colaboradores-no-2 from cache -->\n<\/div>\n<\/div><\/div><\/div><div id=\"panel-2781-1-0-2\" class=\"so-panel widget widget_sow-editor\" data-index=\"3\" ><div class=\"aos-init panel-widget-style panel-widget-style-for-2781-1-0-2\" data-aos=\"fade-right\" data-aos-duration=\"600\" data-aos-easing=\"linear\" data-aos-delay=\"300\" data-aos-anchor-placement=\"top-bottom\" data-aos-once=\"true\" ><div\n\t\t\t\n\t\t\tclass=\"so-widget-sow-editor so-widget-sow-editor-base\"\n\t\t\t\n\t\t>\n<div class=\"siteorigin-widget-tinymce textwidget\">\n\t\n<table id=\"tablepress-colaboradores-no-3\" class=\"tablepress tablepress-id-colaboradores\">\n<tbody>\n<tr class=\"row-1 odd\">\n\t<td colspan=\"4\" class=\"column-1\"><center><strong>ENGENHARIA MEC\u00c2NICA<\/strong><\/center><\/td>\n<\/tr>\n<tr class=\"row-2 even\">\n\t<td class=\"column-1\"><strong>Nome do Docente<\/strong><\/td><td class=\"column-2\"><strong>Laborat\u00f3rio<\/strong><\/td><td class=\"column-3\"><strong>e-mail<\/strong><\/td><td class=\"column-4\"><strong>\u00c1rea de atua\u00e7\u00e3o<\/strong><\/td>\n<\/tr>\n<tr class=\"row-3 odd\">\n\t<td class=\"column-1\">Adriano Almeida Gon\u00e7alves Siqueira<\/td><td class=\"column-2\">Laborat\u00f3rio de Reabilita\u00e7\u00e3o Rob\u00f3tica<\/td><td class=\"column-3\">&#x73;i&#x71;&#117;&#x65;&#105;&#x72;&#x61;&#64;&#x73;&#99;&#x2e;&#117;&#x73;&#112;&#46;&#x62;&#114;<\/td><td class=\"column-4\">Reabilita\u00e7\u00e3o Rob\u00f3tica, Controle de Sistemas Interativos<\/td>\n<\/tr>\n<tr class=\"row-4 even\">\n\t<td class=\"column-1\">Alessandro Roger Rodrigues\u00a0<\/td><td class=\"column-2\">Laborat\u00f3rio de Processos de Fabrica\u00e7\u00e3o CNC (LPF\/SEM) e Laborat\u00f3rio de Processos Avan\u00e7ados e Sustentabilidade (LAPRAS\/SEP)<\/td><td class=\"column-3\">&#x72;&#x6f;&#x67;&#x65;&#x72;&#x40;&#x73;&#x63;&#x2e;&#x75;&#x73;&#x70;&#x2e;&#x62;&#x72;<\/td><td class=\"column-4\">Implantes, Biomateriais, Engenharia de Superf\u00edcie, Microfabrica\u00e7\u00e3o, Viabilidade Celular<\/td>\n<\/tr>\n<tr class=\"row-5 odd\">\n\t<td class=\"column-1\">Carlos Alberto Fortulan<\/td><td class=\"column-2\">Laborat\u00f3rio de Tribologia e Comp\u00f3sitos<\/td><td class=\"column-3\">&#102;&#x6f;r&#116;&#x75;l&#97;&#x6e;&#64;&#117;&#x73;p&#46;&#x62;&#114;<\/td><td class=\"column-4\">Processamento e manufatura aditiva\u00a0 de hidroxiapatita de origem bovina visando implantes de tecidos \u00f3sseos.\u00a0<\/td>\n<\/tr>\n<tr class=\"row-6 even\">\n\t<td class=\"column-1\">Carlos Alberto Fortulan\/Val\u00e9ria Meirelles Carril Elui<\/td><td class=\"column-2\">Laborat\u00f3rio de Tribologia e Comp\u00f3sitos<\/td><td class=\"column-3\">f&#111;&#114;&#x74;&#x75;&#x6c;an&#64;&#117;&#x73;&#x70;&#x2e;b&#114;<\/td><td class=\"column-4\">Processamento de placas a base de policaprolactona\u00a0para a aplica\u00e7\u00e3o em \u00f3rteses<\/td>\n<\/tr>\n<tr class=\"row-7 odd\">\n\t<td class=\"column-1\">Jonas de Carvalho<\/td><td class=\"column-2\">Laborat\u00f3rio de Desenvolvimento de Pr\u00f3teses Personalizadas para Reabilita\u00e7\u00e3o Buco-Maxilofacial, Neurocirurgia e Ortopedia<\/td><td class=\"column-3\">&#112;&#x72;j&#111;&#x6e;a&#115;&#x40;s&#x63;&#x2e;&#117;&#x73;p&#46;&#x62;r<\/td><td class=\"column-4\">Pr\u00f3teses Personalizadas para Reabilita\u00e7\u00e3o Buco-Maxilofacial, Neurocirurgia e Ortopedia<\/td>\n<\/tr>\n<tr class=\"row-8 even\">\n\t<td class=\"column-1\">Marcelo Becker<\/td><td class=\"column-2\">Laborat\u00f3rio de Rob\u00f3tica M\u00f3vel<\/td><td class=\"column-3\">&#x62;&#x65;&#99;ke&#x72;&#x40;&#115;&#99;&#46;&#x75;&#x73;&#112;&#46;b&#x72;<\/td><td class=\"column-4\">Diagn\u00f3stico de Doen\u00e7as atrav\u00e9s de Deep Learning<\/td>\n<\/tr>\n<tr class=\"row-9 odd\">\n\t<td class=\"column-1\">Thiago Boaventura Cunha<\/td><td class=\"column-2\">Laborat\u00f3rio de Controle de Rob\u00f3tica Avan\u00e7ada<\/td><td class=\"column-3\">tb&#111;&#97;&#118;&#x65;&#x6e;&#x74;&#x75;&#x72;a&#64;&#117;&#115;&#112;&#x2e;&#x62;&#x72;<\/td><td class=\"column-4\">Controle de dispositivos rob\u00f3ticos vest\u00edveis<\/td>\n<\/tr>\n<tr class=\"row-10 even\">\n\t<td class=\"column-1\">Zilda de Castro Silveira<\/td><td class=\"column-2\">IMDT\/NUMA\/EESC-USP - Integrated Muldisciplinary Design Team<\/td><td class=\"column-3\">&#x73;&#x69;&#108;v&#x65;&#x69;&#114;&#97;&#64;&#x73;&#x63;&#46;&#117;s&#x70;&#x2e;&#98;r<\/td><td class=\"column-4\">Projeto centrado em Tecnologia Assistiva e Manufatura Aditiva<\/td>\n<\/tr>\n<\/tbody>\n<\/table>\n<!-- #tablepress-colaboradores-no-3 from cache -->\n<\/div>\n<\/div><\/div><\/div><div id=\"panel-2781-1-0-3\" class=\"so-panel widget widget_sow-editor\" data-index=\"4\" ><div class=\"aos-init panel-widget-style panel-widget-style-for-2781-1-0-3\" data-aos=\"fade-left\" data-aos-duration=\"600\" data-aos-easing=\"linear\" data-aos-delay=\"300\" data-aos-anchor-placement=\"top-bottom\" data-aos-once=\"true\" ><div\n\t\t\t\n\t\t\tclass=\"so-widget-sow-editor so-widget-sow-editor-base\"\n\t\t\t\n\t\t>\n<div class=\"siteorigin-widget-tinymce textwidget\">\n\t\n<table id=\"tablepress-colaboradores-no-4\" class=\"tablepress tablepress-id-colaboradores\">\n<tbody>\n<tr class=\"row-1 odd\">\n\t<td colspan=\"4\" class=\"column-1\"><center><strong>ENGENHARIA DE PRODU\u00c7\u00c3O<\/strong><\/center><\/td>\n<\/tr>\n<tr class=\"row-2 even\">\n\t<td class=\"column-1\"><strong>Nome do Docente<\/strong><\/td><td class=\"column-2\"><strong>Laborat\u00f3rio<\/strong><\/td><td class=\"column-3\"><strong>e-mail<\/strong><\/td><td class=\"column-4\"><strong>\u00c1rea de atua\u00e7\u00e3o<\/strong><\/td>\n<\/tr>\n<tr class=\"row-3 odd\">\n\t<td class=\"column-1\">Janaina Mascarenhas H. da Costa<\/td><td class=\"column-2\">-<\/td><td class=\"column-3\">&#x6a;&#97;n&#x61;&#x2e;&#109;a&#x73;&#x63;&#97;r&#x65;&#110;h&#x61;&#x73;&#64;u&#x73;&#x70;&#46;b&#x72;<\/td><td class=\"column-4\">Gest\u00e3o da inova\u00e7\u00e3o, Desenvolvimento de produtos e de sistemas produto-servi\u00e7o, Desenvolvimento de produtos m\u00e9dico-odontol\u00f3gicos<\/td>\n<\/tr>\n<tr class=\"row-4 even\">\n\t<td class=\"column-1\">Mateus Cec\u00edlio Gerolamo<\/td><td class=\"column-2\">-<\/td><td class=\"column-3\">&#103;e&#x72;o&#x6c;&#97;&#x6d;&#111;&#x40;&#115;c&#x2e;u&#x73;&#112;&#x2e;&#98;&#x72;<\/td><td class=\"column-4\">Gest\u00e3o da mudan\u00e7a, Cultura organizacional, Lideran\u00e7a, Inova\u00e7\u00e3o, Ind\u00fastria 4.0, Transforma\u00e7\u00e3o digital, Educa\u00e7\u00e3o em Engenharia<\/td>\n<\/tr>\n<\/tbody>\n<\/table>\n<!-- #tablepress-colaboradores-no-4 from cache -->\n<\/div>\n<\/div><\/div><\/div><div id=\"panel-2781-1-0-4\" class=\"so-panel widget widget_sow-editor\" data-index=\"5\" ><div class=\"aos-init panel-widget-style panel-widget-style-for-2781-1-0-4\" data-aos=\"fade-right\" data-aos-duration=\"600\" data-aos-easing=\"linear\" data-aos-delay=\"300\" data-aos-anchor-placement=\"top-bottom\" data-aos-once=\"true\" ><div\n\t\t\t\n\t\t\tclass=\"so-widget-sow-editor so-widget-sow-editor-base\"\n\t\t\t\n\t\t>\n<div class=\"siteorigin-widget-tinymce textwidget\">\n\t\n<table id=\"tablepress-colaboradores-no-5\" class=\"tablepress tablepress-id-colaboradores\">\n<tbody>\n<tr class=\"row-1 odd\">\n\t<td colspan=\"4\" class=\"column-1\"><center><strong>HIDR\u00c1ULICA E SANEAMENTO<\/strong><\/center><\/td>\n<\/tr>\n<tr class=\"row-2 even\">\n\t<td class=\"column-1\"><strong>Nome do Docente<\/strong><\/td><td class=\"column-2\"><strong>Laborat\u00f3rio<\/strong><\/td><td class=\"column-3\"><strong>e-mail<\/strong><\/td><td class=\"column-4\"><strong>\u00c1rea de atua\u00e7\u00e3o<\/strong><\/td>\n<\/tr>\n<tr class=\"row-3 odd\">\n\t<td class=\"column-1\">Eduardo Mario Mendiondo\u00a0<\/td><td class=\"column-2\">WADI Lab<\/td><td class=\"column-3\">&#x65;&#x6d;&#x6d;&#x40;&#x73;&#x63;&#x2e;&#117;&#115;&#112;&#46;&#98;r<\/td><td class=\"column-4\">\u00c1gua, Sa\u00fade e Resili\u00eancia<\/td>\n<\/tr>\n<tr class=\"row-4 even\">\n\t<td class=\"column-1\">Juliano Jos\u00e9 Corbi<\/td><td class=\"column-2\"><\/td><td class=\"column-3\">&#106;&#x75;l&#x69;a&#110;&#x6f;&#99;&#x6f;r&#98;&#x69;&#64;&#x75;s&#x70;&#x2e;&#98;&#x72;<\/td><td class=\"column-4\">Limnologia e Ecotoxicologia Aqu\u00e1tica<\/td>\n<\/tr>\n<\/tbody>\n<\/table>\n<!-- #tablepress-colaboradores-no-5 from cache -->\n<\/div>\n<\/div><\/div><\/div><div id=\"panel-2781-1-0-5\" class=\"so-panel widget widget_sow-editor panel-last-child\" data-index=\"6\" ><div class=\"aos-init panel-widget-style panel-widget-style-for-2781-1-0-5\" data-aos=\"fade-left\" data-aos-duration=\"600\" data-aos-easing=\"linear\" data-aos-delay=\"300\" data-aos-anchor-placement=\"top-bottom\" data-aos-once=\"true\" ><div\n\t\t\t\n\t\t\tclass=\"so-widget-sow-editor so-widget-sow-editor-base\"\n\t\t\t\n\t\t>\n<div class=\"siteorigin-widget-tinymce textwidget\">\n\t\n<table id=\"tablepress-colaboradores-no-6\" class=\"tablepress tablepress-id-colaboradores\">\n<tbody>\n<tr class=\"row-1 odd\">\n\t<td colspan=\"4\" class=\"column-1\"><center><strong>ENGENHARIA DE MATERIAIS<\/strong><\/center><\/td>\n<\/tr>\n<tr class=\"row-2 even\">\n\t<td class=\"column-1\"><strong>Nome do Docente<\/strong><\/td><td class=\"column-2\"><strong>Laborat\u00f3rio<\/strong><\/td><td class=\"column-3\"><strong>e-mail<\/strong><\/td><td class=\"column-4\"><strong>\u00c1rea de atua\u00e7\u00e3o<\/strong><\/td>\n<\/tr>\n<tr class=\"row-3 odd\">\n\t<td class=\"column-1\">Antonio Jos\u00e9 Felix de Carvalho<\/td><td class=\"column-2\">Laborat\u00f3rio de Pol\u00edmeros e Materiais de Fontes Renov\u00e1veis<\/td><td class=\"column-3\">&#116;&#x6f;&#x6e;i&#64;&#x73;c&#46;&#x75;&#x73;&#112;&#x2e;&#x62;r<\/td><td class=\"column-4\">Pol\u00edmeros, em particular blendas com atividade biocida e \u00a0\u00a0\u00a0 fungicida e blendas para libera\u00e7\u00e3o controlada de f\u00e1rmacos e outros materiais \u00a0\u00a0\u00a0 ativos e fibras e filmes para suporte de cultura celular para medicina regenerativa.<\/td>\n<\/tr>\n<tr class=\"row-4 even\">\n\t<td class=\"column-1\">Luis Carlos Passarini<\/td><td class=\"column-2\">Laborat\u00f3rio de Eletr\u00f4nica Embarcada<\/td><td class=\"column-3\">&#x6c;&#x75;&#x63;&#x61;&#x40;&#x73;&#x63;&#46;&#117;&#115;&#112;&#46;br<\/td><td class=\"column-4\">Engenharia automotiva, Bioengenharia, Intera\u00e7\u00e3o de agentes f\u00edsicos sobre sistemas biol\u00f3gicos, Biodesign <\/td>\n<\/tr>\n<tr class=\"row-5 odd\">\n\t<td class=\"column-1\">Marcia Cristina Branciforti<\/td><td class=\"column-2\">Laborat\u00f3rio de BioMateriais e Reologia<\/td><td class=\"column-3\">marc&#105;&#97;&#99;&#98;&#64;&#115;&#99;&#x2e;&#x75;&#x73;&#x70;&#x2e;&#x62;&#x72;<\/td><td class=\"column-4\">Biomaterais polim\u00e9ricos e h\u00edbridos aplicados \u00e0 sa\u00fade. Materiais antimicrobianos para aplica\u00e7\u00f5es biom\u00e9dicas e embalagens. Manufatura aditiva e microfabrica\u00e7\u00e3o 3D para engenharia de tecido \u00f3sseo.<br \/>\n<\/td>\n<\/tr>\n<\/tbody>\n<\/table>\n<!-- #tablepress-colaboradores-no-6 from cache -->\n<\/div>\n<\/div><\/div><\/div><\/div><\/div><\/div>","protected":false},"excerpt":{"rendered":"<p>Professores Colaboradores ENGENHARIA AERON\u00c1UTICA Nome do DocenteLaborat\u00f3rioe-mail\u00c1rea de atua\u00e7\u00e3o Glauco Augusto de Paula CaurinLaborat\u00f3rio de Manipula\u00e7\u00e3o Rob\u00f3ticagc&#97;&#117;&#114;&#105;&#x6e;&#x40;&#x73;&#x63;&#x2e;us&#112;&#46;&#98;&#114;Rob\u00f3tica colaborativa, Manipula\u00e7\u00e3o rob\u00f3tica, [&hellip;]<\/p>\n","protected":false},"author":1,"featured_media":0,"parent":0,"menu_order":0,"comment_status":"closed","ping_status":"closed","template":"","meta":{"footnotes":""},"wf_page_folders":[44],"_links":{"self":[{"href":"https:\/\/eesc.usp.br\/ceas\/index.php\/wp-json\/wp\/v2\/pages\/2781"}],"collection":[{"href":"https:\/\/eesc.usp.br\/ceas\/index.php\/wp-json\/wp\/v2\/pages"}],"about":[{"href":"https:\/\/eesc.usp.br\/ceas\/index.php\/wp-json\/wp\/v2\/types\/page"}],"author":[{"embeddable":true,"href":"https:\/\/eesc.usp.br\/ceas\/index.php\/wp-json\/wp\/v2\/users\/1"}],"replies":[{"embeddable":true,"href":"https:\/\/eesc.usp.br\/ceas\/index.php\/wp-json\/wp\/v2\/comments?post=2781"}],"version-history":[{"count":23,"href":"https:\/\/eesc.usp.br\/ceas\/index.php\/wp-json\/wp\/v2\/pages\/2781\/revisions"}],"predecessor-version":[{"id":3113,"href":"https:\/\/eesc.usp.br\/ceas\/index.php\/wp-json\/wp\/v2\/pages\/2781\/revisions\/3113"}],"wp:attachment":[{"href":"https:\/\/eesc.usp.br\/ceas\/index.php\/wp-json\/wp\/v2\/media?parent=2781"}],"wp:term":[{"taxonomy":"wf_page_folders","embeddable":true,"href":"https:\/\/eesc.usp.br\/ceas\/index.php\/wp-json\/wp\/v2\/wf_page_folders?post=2781"}],"curies":[{"name":"wp","href":"https:\/\/api.w.org\/{rel}","templated":true}]}}