{"id":2898,"date":"2021-03-29T13:27:30","date_gmt":"2021-03-29T16:27:30","guid":{"rendered":"http:\/\/dev.sti.eesc.usp.br\/ceas\/?page_id=2898"},"modified":"2021-05-11T16:37:01","modified_gmt":"2021-05-11T19:37:01","slug":"espaco-colaborativo","status":"publish","type":"page","link":"https:\/\/eesc.usp.br\/ceas\/index.php\/espaco-colaborativo\/","title":{"rendered":"Espa\u00e7o Colaborativo"},"content":{"rendered":"<div id=\"pl-2898\"  class=\"panel-layout\" ><div id=\"pg-2898-0\"  class=\"panel-grid panel-no-style\" ><div id=\"pgc-2898-0-0\"  class=\"panel-grid-cell\" ><div id=\"panel-2898-0-0-0\" class=\"so-panel widget widget_themegrill_flash_heading tg-widget section-title-wrapper panel-first-child panel-last-child\" data-index=\"0\" >\t<h3 class=\"section-title\">Espa\u00e7o Colaborativo<\/h3>\n<\/div><\/div><\/div><div id=\"pg-2898-1\"  class=\"panel-grid panel-no-style\" ><div id=\"pgc-2898-1-0\"  class=\"panel-grid-cell\" ><div id=\"panel-2898-1-0-0\" class=\"so-panel widget widget_sow-editor panel-first-child panel-last-child\" data-index=\"1\" ><div class=\"aos-init panel-widget-style panel-widget-style-for-2898-1-0-0\" data-aos=\"fade-up\" data-aos-duration=\"600\" data-aos-easing=\"linear\" data-aos-delay=\"300\" data-aos-anchor-placement=\"top-bottom\" data-aos-once=\"true\" ><div\n\t\t\t\n\t\t\tclass=\"so-widget-sow-editor so-widget-sow-editor-base\"\n\t\t\t\n\t\t>\n<div class=\"siteorigin-widget-tinymce textwidget\">\n\t<p style=\"text-align: justify;\">O CEAS possui atualmente 5 salas com infraestrutura apropriada para a aloca\u00e7\u00e3o de projetos de pesquisa e inova\u00e7\u00e3o.\u00a0 Os projetos alocados no CEAS devem ter a participa\u00e7\u00e3o de pesquisadores da EESC e utilizar o espa\u00e7o disponibilizado por tempo determinado, permitindo assim a rotatividade das pesquisas e a utiliza\u00e7\u00e3o do espa\u00e7o de forma ampla.<\/p>\n<p style=\"text-align: justify;\">Al\u00e9m de projetos de pesquisa vinculados \u00e0s ag\u00eancias de fomento e \u00e0 forma\u00e7\u00e3o de alunos de gradua\u00e7\u00e3o e p\u00f3s-gradua\u00e7\u00e3o, o CEAS pode alocar projetos de pesquisa e inova\u00e7\u00e3o apoiados por empresas e institui\u00e7\u00f5es, al\u00e9m de fornecer infraestrutura e apoio para startups.<\/p>\n<p style=\"text-align: justify;\">Os interessados em ter seu projeto alocado no CEAS devem entrar em contato com a secretaria, utilizando o formul\u00e1rio abaixo ou diretamente pelo endere\u00e7o de e-mail: &#99;&#x65;&#97;&#x73;&#64;&#x65;e&#x73;c&#46;&#x75;&#115;&#x70;&#46;&#x62;r ou pelo telefone: (16) 3373-8614.<\/p>\n<\/div>\n<\/div><\/div><\/div><\/div><\/div><div id=\"pg-2898-2\"  class=\"panel-grid panel-has-style\" ><div class=\"aos-init siteorigin-panels-stretch panel-row-style panel-row-style-for-2898-2\" data-aos=\"fade-up\" data-aos-duration=\"300\" data-aos-easing=\"linear\" data-aos-delay=\"600\" data-aos-anchor-placement=\"top-bottom\" data-aos-once=\"true\" id=\"contact\" data-stretch-type=\"full-stretched\" ><div id=\"pgc-2898-2-0\"  class=\"panel-grid-cell\" ><div class=\"panel-cell-style panel-cell-style-for-2898-2-0\" ><div id=\"panel-2898-2-0-0\" class=\"so-panel widget widget_sow-headline panel-first-child\" data-index=\"2\" ><div\n\t\t\t\n\t\t\tclass=\"so-widget-sow-headline so-widget-sow-headline-default-d07e1e83720a-2898 so-widget-fittext-wrapper\"\n\t\t\t data-fit-text-compressor=\"0.85\"\n\t\t><div class=\"sow-headline-container \">\n\t\t\t\t\t\t\t<h1 class=\"sow-headline\">\n\t\t\t\t\t\tHor\u00e1rios e Contatos\t\t\t\t\t\t<\/h1>\n\t\t\t\t\t\t\t\t\t\t\t<div class=\"decoration\">\n\t\t\t\t\t\t<div class=\"decoration-inside\"><\/div>\n\t\t\t\t\t<\/div>\n\t\t\t\t\t<\/div>\n<\/div><\/div><div id=\"panel-2898-2-0-1\" class=\"so-panel widget widget_siteorigin-panels-builder\" data-index=\"3\" ><div id=\"pl-w609adcd77f65d\"  class=\"panel-layout\" ><div id=\"pg-w609adcd77f65d-0\"  class=\"panel-grid panel-no-style\" ><div id=\"pgc-w609adcd77f65d-0-0\"  class=\"panel-grid-cell\" ><div id=\"panel-w609adcd77f65d-0-0-0\" class=\"so-panel widget widget_sow-icon panel-first-child\" data-index=\"0\" ><div class=\"panel-widget-style panel-widget-style-for-w609adcd77f65d-0-0-0\" ><div\n\t\t\t\n\t\t\tclass=\"so-widget-sow-icon so-widget-sow-icon-default-e2a0e304082f\"\n\t\t\t\n\t\t>\n<div class=\"sow-icon-container sow-icon\">\n\t\t\t<span class=\"sow-icon-fontawesome sow-fas\" data-sow-icon=\"&#xf4fd;\"\n\t\t title=\"Hor\u00e1rios de Funcionamento\"\n\t\taria-hidden=\"true\"><\/span>\t<\/div>\n<\/div><\/div><\/div><div id=\"panel-w609adcd77f65d-0-0-1\" class=\"so-panel widget widget_sow-editor panel-last-child\" data-index=\"1\" ><div class=\"flash_inherit_color panel-widget-style panel-widget-style-for-w609adcd77f65d-0-0-1\" ><div\n\t\t\t\n\t\t\tclass=\"so-widget-sow-editor so-widget-sow-editor-base\"\n\t\t\t\n\t\t>\n<div class=\"siteorigin-widget-tinymce textwidget\">\n\t<h4 style=\"text-align: center;\"><strong>Hor\u00e1rios de Funcionamento<\/strong><\/h4>\n<p style=\"text-align: center;\">Seg - Sex : 8:00 ~ 12:00\u00a0 -\u00a0 13:00 ~ 18:00<br \/>\nS\u00e1b - Dom : N\u00e3o h\u00e1 atividades<\/p>\n<\/div>\n<\/div><\/div><\/div><\/div><div id=\"pgc-w609adcd77f65d-0-1\"  class=\"panel-grid-cell\" ><div id=\"panel-w609adcd77f65d-0-1-0\" class=\"so-panel widget widget_sow-icon panel-first-child\" data-index=\"2\" ><div class=\"panel-widget-style panel-widget-style-for-w609adcd77f65d-0-1-0\" ><div\n\t\t\t\n\t\t\tclass=\"so-widget-sow-icon so-widget-sow-icon-default-e2a0e304082f\"\n\t\t\t\n\t\t>\n<div class=\"sow-icon-container sow-icon\">\n\t\t\t<span class=\"sow-icon-fontawesome sow-fas\" data-sow-icon=\"&#x40;\"\n\t\t title=\"Email de Contato\"\n\t\taria-hidden=\"true\"><\/span>\t<\/div>\n<\/div><\/div><\/div><div id=\"panel-w609adcd77f65d-0-1-1\" class=\"so-panel widget widget_sow-editor panel-last-child\" data-index=\"3\" ><div class=\"flash_inherit_color panel-widget-style panel-widget-style-for-w609adcd77f65d-0-1-1\" ><div\n\t\t\t\n\t\t\tclass=\"so-widget-sow-editor so-widget-sow-editor-base\"\n\t\t\t\n\t\t>\n<div class=\"siteorigin-widget-tinymce textwidget\">\n\t<h4 style=\"text-align: center;\"><strong>Email para Contato<\/strong><\/h4>\n<p style=\"text-align: center;\">&#99;&#x65;a&#x73;&#64;&#101;&#x65;&#115;&#x63;&#46;&#117;&#x73;&#112;&#x2e;b&#x72;<\/p>\n<\/div>\n<\/div><\/div><\/div><\/div><div id=\"pgc-w609adcd77f65d-0-2\"  class=\"panel-grid-cell\" ><div id=\"panel-w609adcd77f65d-0-2-0\" class=\"so-panel widget widget_sow-icon panel-first-child\" data-index=\"4\" ><div class=\"panel-widget-style panel-widget-style-for-w609adcd77f65d-0-2-0\" ><div\n\t\t\t\n\t\t\tclass=\"so-widget-sow-icon so-widget-sow-icon-default-e2a0e304082f\"\n\t\t\t\n\t\t>\n<div class=\"sow-icon-container sow-icon\">\n\t\t\t<span class=\"sow-icon-fontawesome sow-fas\" data-sow-icon=\"&#xf2a0;\"\n\t\t title=\"Telefone para Contato\"\n\t\taria-hidden=\"true\"><\/span>\t<\/div>\n<\/div><\/div><\/div><div id=\"panel-w609adcd77f65d-0-2-1\" class=\"so-panel widget widget_sow-editor panel-last-child\" data-index=\"5\" ><div class=\"flash_inherit_color panel-widget-style panel-widget-style-for-w609adcd77f65d-0-2-1\" ><div\n\t\t\t\n\t\t\tclass=\"so-widget-sow-editor so-widget-sow-editor-base\"\n\t\t\t\n\t\t>\n<div class=\"siteorigin-widget-tinymce textwidget\">\n\t<h4 style=\"text-align: center;\"><strong>Telefone<\/strong><\/h4>\n<p style=\"text-align: center;\">+55 (016) 3373-8614<\/p>\n<\/div>\n<\/div><\/div><\/div><\/div><\/div><\/div><\/div><div id=\"panel-2898-2-0-2\" class=\"so-panel widget widget_siteorigin-panels-builder panel-last-child\" data-index=\"4\" ><div class=\"panel-widget-style panel-widget-style-for-2898-2-0-2\" ><div id=\"pl-w6025204f25e61\"  class=\"panel-layout\" ><div id=\"pg-w6025204f25e61-0\"  class=\"panel-grid panel-no-style\" ><div id=\"pgc-w6025204f25e61-0-0\"  class=\"panel-grid-cell\" ><div id=\"panel-w6025204f25e61-0-0-0\" class=\"so-panel widget widget_sow-editor panel-first-child panel-last-child\" data-index=\"0\" ><div\n\t\t\t\n\t\t\tclass=\"so-widget-sow-editor so-widget-sow-editor-base\"\n\t\t\t\n\t\t>\n<div class=\"siteorigin-widget-tinymce textwidget\">\n\t<p style=\"text-align: center;\"><strong><span style=\"font-size: 14px;\">[icon name=\"clock-o\" class=\"\" unprefixed_class=\"\"] Hor\u00e1rios de Funcionamento<\/span><\/strong><\/p>\n<p style=\"text-align: center;\"><span style=\"font-size: 14px;\">Seg - Sex : 8:00 ~ 12:00\u00a0 -\u00a0 13:00 ~ 18:00<\/span><br \/>\n<span style=\"font-size: 14px;\">S\u00e1b - Dom : N\u00e3o h\u00e1 atividades<\/span><\/p>\n<\/div>\n<\/div><\/div><\/div><div id=\"pgc-w6025204f25e61-0-1\"  class=\"panel-grid-cell\" ><div id=\"panel-w6025204f25e61-0-1-0\" class=\"so-panel widget widget_sow-editor panel-first-child panel-last-child\" data-index=\"1\" ><div\n\t\t\t\n\t\t\tclass=\"so-widget-sow-editor so-widget-sow-editor-base\"\n\t\t\t\n\t\t>\n<div class=\"siteorigin-widget-tinymce textwidget\">\n\t<p style=\"text-align: center;\"><strong>[icon name=\"envelope\" class=\"\" unprefixed_class=\"\"] Email<\/strong><\/p>\n<p style=\"text-align: center;\">c&#101;&#116;&#x65;&#x70;e&#64;&#101;&#x65;&#x73;&#x63;&#46;&#117;&#115;&#x70;&#x2e;br<\/p>\n<\/div>\n<\/div><\/div><\/div><div id=\"pgc-w6025204f25e61-0-2\"  class=\"panel-grid-cell\" ><div id=\"panel-w6025204f25e61-0-2-0\" class=\"so-panel widget widget_sow-editor panel-first-child panel-last-child\" data-index=\"2\" ><div\n\t\t\t\n\t\t\tclass=\"so-widget-sow-editor so-widget-sow-editor-base\"\n\t\t\t\n\t\t>\n<div class=\"siteorigin-widget-tinymce textwidget\">\n\t<p style=\"text-align: center;\"><strong>[icon name=\"phone\" class=\"\" unprefixed_class=\"\"] Telefone<\/strong><\/p>\n<p style=\"text-align: center;\">(016) 3373-9256<\/p>\n<\/div>\n<\/div><\/div><\/div><div id=\"pgc-w6025204f25e61-0-3\"  class=\"panel-grid-cell\" ><div id=\"panel-w6025204f25e61-0-3-0\" class=\"so-panel widget widget_sow-editor panel-first-child panel-last-child\" data-index=\"3\" ><div\n\t\t\t\n\t\t\tclass=\"so-widget-sow-editor so-widget-sow-editor-base\"\n\t\t\t\n\t\t>\n<div class=\"siteorigin-widget-tinymce textwidget\">\n\t<p><strong>[icon name=\"map-pin\" class=\"\" unprefixed_class=\"\"] Localiza\u00e7\u00e3o<\/strong><\/p>\n<ul>\n<li>Dirija-se \u00e0 \u00c1rea 1 do Campus da USP em S\u00e3o Carlos<\/li>\n<li>Procure a pra\u00e7a central, na frente do edif\u00edcio E1<\/li>\n<li>Caminhe na dire\u00e7\u00e3o do pr\u00e9dio da biblioteca central da EESC<\/li>\n<li>O CETEPE est\u00e1 localizado na frente da biblioteca.<\/li>\n<\/ul>\n<\/div>\n<\/div><\/div><\/div><\/div><\/div><\/div><\/div><\/div><\/div><\/div><\/div><div id=\"pg-2898-3\"  class=\"panel-grid panel-has-style\" ><div class=\"aos-init siteorigin-panels-stretch panel-row-style panel-row-style-for-2898-3\" data-aos=\"fade-up\" data-aos-duration=\"300\" data-aos-easing=\"linear\" data-aos-delay=\"600\" data-aos-anchor-placement=\"top-bottom\" data-aos-once=\"true\" data-stretch-type=\"full-stretched\" ><div id=\"pgc-2898-3-0\"  class=\"panel-grid-cell\" ><div id=\"panel-2898-3-0-0\" class=\"so-panel widget widget_sow-google-map panel-first-child panel-last-child\" data-index=\"5\" ><div\n\t\t\t\n\t\t\tclass=\"so-widget-sow-google-map so-widget-sow-google-map-default-02940917e7dc-2898\"\n\t\t\t\n\t\t>\n<div class=\"sow-google-map-canvas\"\n\tstyle=\"\"\n\tid=\"map-canvas-f85afe8b7d6e51e9044b816b7c8efb46\"\n\tdata-options=\"{&quot;address&quot;:&quot;-22.0027046, -47.89861779999999&quot;,&quot;zoom&quot;:16,&quot;mobileZoom&quot;:16,&quot;gestureHandling&quot;:&quot;cooperative&quot;,&quot;disableUi&quot;:false,&quot;markerIcon&quot;:false,&quot;markersDraggable&quot;:false,&quot;markerAtCenter&quot;:true,&quot;markerInfoDisplay&quot;:&quot;click&quot;,&quot;markerInfoMultiple&quot;:true,&quot;markerPositions&quot;:false,&quot;mapName&quot;:&quot;Mapa personalizado&quot;,&quot;mapStyles&quot;:[{&quot;featureType&quot;:&quot;all&quot;,&quot;elementType&quot;:&quot;labels.text.fill&quot;,&quot;stylers&quot;:[{&quot;saturation&quot;:36},{&quot;color&quot;:&quot;#000000&quot;},{&quot;lightness&quot;:40}]},{&quot;featureType&quot;:&quot;all&quot;,&quot;elementType&quot;:&quot;labels.text.stroke&quot;,&quot;stylers&quot;:[{&quot;visibility&quot;:&quot;on&quot;},{&quot;color&quot;:&quot;#000000&quot;},{&quot;lightness&quot;:16}]},{&quot;featureType&quot;:&quot;all&quot;,&quot;elementType&quot;:&quot;labels.icon&quot;,&quot;stylers&quot;:[{&quot;visibility&quot;:&quot;off&quot;}]},{&quot;featureType&quot;:&quot;administrative&quot;,&quot;elementType&quot;:&quot;geometry.fill&quot;,&quot;stylers&quot;:[{&quot;color&quot;:&quot;#000000&quot;},{&quot;lightness&quot;:20}]},{&quot;featureType&quot;:&quot;administrative&quot;,&quot;elementType&quot;:&quot;geometry.stroke&quot;,&quot;stylers&quot;:[{&quot;color&quot;:&quot;#000000&quot;},{&quot;lightness&quot;:17},{&quot;weight&quot;:1.2}]},{&quot;featureType&quot;:&quot;landscape&quot;,&quot;elementType&quot;:&quot;geometry&quot;,&quot;stylers&quot;:[{&quot;color&quot;:&quot;#000000&quot;},{&quot;lightness&quot;:20}]},{&quot;featureType&quot;:&quot;poi&quot;,&quot;elementType&quot;:&quot;geometry&quot;,&quot;stylers&quot;:[{&quot;color&quot;:&quot;#000000&quot;},{&quot;lightness&quot;:21}]},{&quot;featureType&quot;:&quot;road.highway&quot;,&quot;elementType&quot;:&quot;geometry.fill&quot;,&quot;stylers&quot;:[{&quot;color&quot;:&quot;#000000&quot;},{&quot;lightness&quot;:17}]},{&quot;featureType&quot;:&quot;road.highway&quot;,&quot;elementType&quot;:&quot;geometry.stroke&quot;,&quot;stylers&quot;:[{&quot;color&quot;:&quot;#000000&quot;},{&quot;lightness&quot;:29},{&quot;weight&quot;:0.2}]},{&quot;featureType&quot;:&quot;road.arterial&quot;,&quot;elementType&quot;:&quot;geometry&quot;,&quot;stylers&quot;:[{&quot;color&quot;:&quot;#000000&quot;},{&quot;lightness&quot;:18}]},{&quot;featureType&quot;:&quot;road.local&quot;,&quot;elementType&quot;:&quot;geometry&quot;,&quot;stylers&quot;:[{&quot;color&quot;:&quot;#000000&quot;},{&quot;lightness&quot;:16}]},{&quot;featureType&quot;:&quot;transit&quot;,&quot;elementType&quot;:&quot;geometry&quot;,&quot;stylers&quot;:[{&quot;color&quot;:&quot;#000000&quot;},{&quot;lightness&quot;:19}]},{&quot;featureType&quot;:&quot;water&quot;,&quot;elementType&quot;:&quot;geometry&quot;,&quot;stylers&quot;:[{&quot;color&quot;:&quot;#000000&quot;},{&quot;lightness&quot;:17}]}],&quot;directions&quot;:&quot;&quot;,&quot;apiKey&quot;:&quot;AIzaSyCKLgGbn2HT4EU4UyHSSOqKYpdEGq0tZAA&quot;,&quot;breakpoint&quot;:&quot;780&quot;}\"\n\tdata-fallback-image=\"{&quot;img&quot;:&quot;&quot;}\"><\/div>\n<\/div><\/div><\/div><div id=\"pgc-2898-3-1\"  class=\"panel-grid-cell\" ><div id=\"panel-2898-3-1-0\" class=\"so-panel widget widget_sow-headline panel-first-child\" data-index=\"6\" ><div class=\"panel-widget-style panel-widget-style-for-2898-3-1-0\" ><div\n\t\t\t\n\t\t\tclass=\"so-widget-sow-headline so-widget-sow-headline-default-a98c2e855448-2898 so-widget-fittext-wrapper\"\n\t\t\t data-fit-text-compressor=\"0.85\"\n\t\t><div class=\"sow-headline-container \">\n\t\t\t\t\t\t\t<h1 class=\"sow-headline\">\n\t\t\t\t\t\tConverse com o CEAS\t\t\t\t\t\t<\/h1>\n\t\t\t\t\t\t<\/div>\n<\/div><\/div><\/div><div id=\"panel-2898-3-1-1\" class=\"so-panel widget widget_sow-editor\" data-index=\"7\" ><div class=\"flash_inherit_color panel-widget-style panel-widget-style-for-2898-3-1-1\" ><div\n\t\t\t\n\t\t\tclass=\"so-widget-sow-editor so-widget-sow-editor-base\"\n\t\t\t\n\t\t>\n<div class=\"siteorigin-widget-tinymce textwidget\">\n\t<p>Se ainda tem alguma d\u00favida ou algo que precisa de mais esclarecimentos e n\u00e3o encontrou no site, por favor preencha o formul\u00e1rio abaixo e teremos o maior prazer em ajudar.<\/p>\n<\/div>\n<\/div><\/div><\/div><div id=\"panel-2898-3-1-2\" class=\"so-panel widget widget_wpforms-widget wpforms-widget panel-last-child\" data-index=\"8\" ><div class=\"flash_inherit_color panel-widget-style panel-widget-style-for-2898-3-1-2\" ><div class=\"wpforms-container wpforms-container-full\" id=\"wpforms-1131\"><form id=\"wpforms-form-1131\" class=\"wpforms-validate wpforms-form\" data-formid=\"1131\" method=\"post\" enctype=\"multipart\/form-data\" action=\"\/ceas\/index.php\/wp-json\/wp\/v2\/pages\/2898\" data-token=\"79e9bbb3d639931284b2c40eac5ad27e\" data-token-time=\"1778144671\"><noscript class=\"wpforms-error-noscript\">Ative o JavaScript no seu navegador para preencher este formul\u00e1rio.<\/noscript><div class=\"wpforms-field-container\"><div id=\"wpforms-1131-field_0-container\" class=\"wpforms-field wpforms-field-name\" data-field-id=\"0\"><label class=\"wpforms-field-label\" for=\"wpforms-1131-field_0\">Nome <span class=\"wpforms-required-label\">*<\/span><\/label><input type=\"text\" id=\"wpforms-1131-field_0\" class=\"wpforms-field-medium wpforms-field-required\" name=\"wpforms[fields][0]\" required><\/div><div id=\"wpforms-1131-field_1-container\" class=\"wpforms-field wpforms-field-email\" data-field-id=\"1\"><label class=\"wpforms-field-label\" for=\"wpforms-1131-field_1\">E-mail <span class=\"wpforms-required-label\">*<\/span><\/label><input type=\"email\" id=\"wpforms-1131-field_1\" class=\"wpforms-field-medium wpforms-field-required\" name=\"wpforms[fields][1]\" spellcheck=\"false\" required><\/div><div id=\"wpforms-1131-field_3-container\" class=\"wpforms-field wpforms-field-text\" data-field-id=\"3\"><label class=\"wpforms-field-label\" for=\"wpforms-1131-field_3\">Assunto <span class=\"wpforms-required-label\">*<\/span><\/label><input type=\"text\" id=\"wpforms-1131-field_3\" class=\"wpforms-field-medium wpforms-field-required\" name=\"wpforms[fields][3]\" required><\/div><div id=\"wpforms-1131-field_2-container\" class=\"wpforms-field wpforms-field-textarea\" data-field-id=\"2\"><label class=\"wpforms-field-label\" for=\"wpforms-1131-field_2\">Mensagem <span class=\"wpforms-required-label\">*<\/span><\/label><textarea id=\"wpforms-1131-field_2\" class=\"wpforms-field-medium wpforms-field-required\" name=\"wpforms[fields][2]\" required><\/textarea><\/div><\/div><!-- .wpforms-field-container --><div class=\"wpforms-field wpforms-field-hp\"><label for=\"wpforms-1131-field-hp\" class=\"wpforms-field-label\">Phone<\/label><input type=\"text\" name=\"wpforms[hp]\" id=\"wpforms-1131-field-hp\" class=\"wpforms-field-medium\"><\/div><div class=\"wpforms-submit-container\" ><input type=\"hidden\" name=\"wpforms[id]\" value=\"1131\"><input type=\"hidden\" name=\"page_title\" value=\"\"><input type=\"hidden\" name=\"page_url\" value=\"https:\/\/eesc.usp.br\/ceas\/index.php\/wp-json\/wp\/v2\/pages\/2898\"><input type=\"hidden\" name=\"url_referer\" value=\"\"><button type=\"submit\" name=\"wpforms[submit]\" id=\"wpforms-submit-1131\" class=\"wpforms-submit\" data-alt-text=\"Enviando...\" data-submit-text=\"Enviar\" aria-live=\"assertive\" value=\"wpforms-submit\">Enviar<\/button><\/div><\/form><\/div>  <!-- .wpforms-container --><\/div><\/div><\/div><\/div><\/div><\/div>","protected":false},"excerpt":{"rendered":"<p>O CEAS possui atualmente 5 salas com infraestrutura apropriada para a aloca\u00e7\u00e3o de projetos de pesquisa e inova\u00e7\u00e3o.\u00a0 Os projetos [&hellip;]<\/p>\n","protected":false},"author":1,"featured_media":0,"parent":0,"menu_order":0,"comment_status":"closed","ping_status":"closed","template":"","meta":{"footnotes":""},"wf_page_folders":[46],"_links":{"self":[{"href":"https:\/\/eesc.usp.br\/ceas\/index.php\/wp-json\/wp\/v2\/pages\/2898"}],"collection":[{"href":"https:\/\/eesc.usp.br\/ceas\/index.php\/wp-json\/wp\/v2\/pages"}],"about":[{"href":"https:\/\/eesc.usp.br\/ceas\/index.php\/wp-json\/wp\/v2\/types\/page"}],"author":[{"embeddable":true,"href":"https:\/\/eesc.usp.br\/ceas\/index.php\/wp-json\/wp\/v2\/users\/1"}],"replies":[{"embeddable":true,"href":"https:\/\/eesc.usp.br\/ceas\/index.php\/wp-json\/wp\/v2\/comments?post=2898"}],"version-history":[{"count":17,"href":"https:\/\/eesc.usp.br\/ceas\/index.php\/wp-json\/wp\/v2\/pages\/2898\/revisions"}],"predecessor-version":[{"id":3119,"href":"https:\/\/eesc.usp.br\/ceas\/index.php\/wp-json\/wp\/v2\/pages\/2898\/revisions\/3119"}],"wp:attachment":[{"href":"https:\/\/eesc.usp.br\/ceas\/index.php\/wp-json\/wp\/v2\/media?parent=2898"}],"wp:term":[{"taxonomy":"wf_page_folders","embeddable":true,"href":"https:\/\/eesc.usp.br\/ceas\/index.php\/wp-json\/wp\/v2\/wf_page_folders?post=2898"}],"curies":[{"name":"wp","href":"https:\/\/api.w.org\/{rel}","templated":true}]}}