{"id":2923,"date":"2021-03-29T14:20:21","date_gmt":"2021-03-29T17:20:21","guid":{"rendered":"http:\/\/dev.sti.eesc.usp.br\/ceas\/?page_id=2923"},"modified":"2021-05-19T15:57:35","modified_gmt":"2021-05-19T18:57:35","slug":"educacao","status":"publish","type":"page","link":"https:\/\/eesc.usp.br\/ceas\/index.php\/educacao\/","title":{"rendered":"Ensino"},"content":{"rendered":"<div id=\"pl-2923\"  class=\"panel-layout\" ><div id=\"pg-2923-0\"  class=\"panel-grid panel-no-style\" ><div id=\"pgc-2923-0-0\"  class=\"panel-grid-cell\" ><div id=\"panel-2923-0-0-0\" class=\"so-panel widget widget_themegrill_flash_heading tg-widget section-title-wrapper panel-first-child panel-last-child\" data-index=\"0\" >\t<h3 class=\"section-title\">Ensino<\/h3>\n<\/div><\/div><\/div><div id=\"pg-2923-1\"  class=\"panel-grid panel-has-style\" ><div class=\"siteorigin-panels-stretch panel-row-style panel-row-style-for-2923-1\" data-stretch-type=\"full\" ><div id=\"pgc-2923-1-0\"  class=\"panel-grid-cell\" ><div id=\"panel-2923-1-0-0\" class=\"so-panel widget widget_sow-headline panel-first-child\" data-index=\"1\" ><div class=\"aos-init panel-widget-style panel-widget-style-for-2923-1-0-0\" data-aos=\"fade-up\" data-aos-duration=\"600\" data-aos-easing=\"linear\" data-aos-delay=\"300\" data-aos-anchor-placement=\"top-bottom\" data-aos-once=\"true\" ><div\n\t\t\t\n\t\t\tclass=\"so-widget-sow-headline so-widget-sow-headline-default-f6649892076f-2923\"\n\t\t\t\n\t\t><div class=\"sow-headline-container \">\n\t\t\t\t\t\t\t<h4 class=\"sow-headline\">\n\t\t\t\t\t\tCertificado de Estudos Especiais em Engenharia Biom\u00e9dica\t\t\t\t\t\t<\/h4>\n\t\t\t\t\t\t\t\t\t\t\t<div class=\"decoration\">\n\t\t\t\t\t\t<div class=\"decoration-inside\"><\/div>\n\t\t\t\t\t<\/div>\n\t\t\t\t\t<\/div>\n<\/div><\/div><\/div><div id=\"panel-2923-1-0-1\" class=\"so-panel widget widget_sow-editor\" data-index=\"2\" ><div class=\"aos-init panel-widget-style panel-widget-style-for-2923-1-0-1\" data-aos=\"fade-up\" data-aos-duration=\"600\" data-aos-easing=\"linear\" data-aos-delay=\"300\" data-aos-anchor-placement=\"top-bottom\" data-aos-once=\"true\" ><div\n\t\t\t\n\t\t\tclass=\"so-widget-sow-editor so-widget-sow-editor-base\"\n\t\t\t\n\t\t>\n<div class=\"siteorigin-widget-tinymce textwidget\">\n\t<p style=\"text-align: justify;\">O Certificado de Estudo Especiais em Engenharia Biom\u00e9dica, oferecido pela Comiss\u00e3o de Gradua\u00e7\u00e3o (CG) a todos os cursos da EESC, passou a ser oferecido no primeiro semestre de 2021. Este novo certificado \u00e9 o primeiro passo rumo \u00e0 cria\u00e7\u00e3o do \u201cCurso de Gradua\u00e7\u00e3o em Engenharia Biom\u00e9dica\u201d no Campus USP de S\u00e3o Carlos.<\/p>\n<p style=\"text-align: justify;\">A Engenharia Biom\u00e9dica \u00e9 uma \u00e1rea definida por integrar v\u00e1rios campos das Ci\u00eancias e Biomedicina, sendo respons\u00e1vel por utilizar as tecnologias da Engenharia na Medicina para desenvolver m\u00e9todos inovadores que facilitam a preven\u00e7\u00e3o, diagn\u00f3stico e tratamento de patologias.<\/p>\n<p style=\"text-align: justify;\">Este Certificado est\u00e1 estruturado em dois conjuntos de conte\u00fado: um b\u00e1sico de car\u00e1ter obrigat\u00f3rio e um formador mais direcionado e especializado, composto por disciplinas optativas eletivas. Cursando algumas disciplinas espec\u00edficas, optativas ao seu curso, o graduando poder\u00e1 ampliar sua \u00e1rea de atua\u00e7\u00e3o junto ao mercado de trabalho, incorporando conhecimentos de Engenharia Biom\u00e9dica.<\/p>\n<\/div>\n<\/div><\/div><\/div><div id=\"panel-2923-1-0-2\" class=\"so-panel widget widget_sow-button panel-last-child\" data-index=\"3\" ><div class=\"aos-init panel-widget-style panel-widget-style-for-2923-1-0-2\" data-aos=\"fade-up\" data-aos-duration=\"600\" data-aos-easing=\"linear\" data-aos-delay=\"600\" data-aos-anchor-placement=\"top-bottom\" data-aos-once=\"true\" ><div\n\t\t\t\n\t\t\tclass=\"so-widget-sow-button so-widget-sow-button-wire-616b049bc34a-2923\"\n\t\t\t\n\t\t><div class=\"ow-button-base ow-button-align-center\"\n>\n\t\t\t<a\n\t\t\t\t\thref=\"https:\/\/eesc.usp.br\/ceas\/index.php\/educacao\/cce-engenharia-biomedica\/\"\n\t\t\t\t\tclass=\"sowb-button ow-icon-placement-left ow-button-hover\" \t>\n\t\t<span>\n\t\t\t<span class=\"sow-icon-fontawesome sow-fas\" data-sow-icon=\"&#xf56f;\"\n\t\tstyle=\"\" \n\t\taria-hidden=\"true\"><\/span>\n\t\t\tMaiores Informa\u00e7\u00f5es\t\t<\/span>\n\t\t\t<\/a>\n\t<\/div>\n<\/div><\/div><\/div><\/div><\/div><\/div><div id=\"pg-2923-2\"  class=\"panel-grid panel-has-style\" ><div class=\"siteorigin-panels-stretch panel-row-style panel-row-style-for-2923-2\" data-stretch-type=\"full\" ><div id=\"pgc-2923-2-0\"  class=\"panel-grid-cell\" ><div id=\"panel-2923-2-0-0\" class=\"so-panel widget widget_sow-headline panel-first-child\" data-index=\"4\" ><div class=\"aos-init panel-widget-style panel-widget-style-for-2923-2-0-0\" data-aos=\"fade-up\" data-aos-duration=\"600\" data-aos-easing=\"linear\" data-aos-delay=\"300\" data-aos-anchor-placement=\"top-bottom\" data-aos-once=\"true\" ><div\n\t\t\t\n\t\t\tclass=\"so-widget-sow-headline so-widget-sow-headline-default-8df7abc2052b-2923\"\n\t\t\t\n\t\t><div class=\"sow-headline-container \">\n\t\t\t\t\t\t\t<h4 class=\"sow-headline\">\n\t\t\t\t\t\tPrograma de P\u00f3s-Gradua\u00e7\u00e3o Interunidades em Bioengenharia\t\t\t\t\t\t<\/h4>\n\t\t\t\t\t\t\t\t\t\t\t<div class=\"decoration\">\n\t\t\t\t\t\t<div class=\"decoration-inside\"><\/div>\n\t\t\t\t\t<\/div>\n\t\t\t\t\t<\/div>\n<\/div><\/div><\/div><div id=\"panel-2923-2-0-1\" class=\"so-panel widget widget_sow-editor\" data-index=\"5\" ><div class=\"aos-init panel-widget-style panel-widget-style-for-2923-2-0-1\" data-aos=\"fade-up\" data-aos-duration=\"600\" data-aos-easing=\"linear\" data-aos-delay=\"300\" data-aos-anchor-placement=\"top-bottom\" data-aos-once=\"true\" ><div\n\t\t\t\n\t\t\tclass=\"so-widget-sow-editor so-widget-sow-editor-base\"\n\t\t\t\n\t\t>\n<div class=\"siteorigin-widget-tinymce textwidget\">\n\t<p style=\"text-align: justify;\">O Programa de P\u00f3s-Gradua\u00e7\u00e3o Interunidades em Bioengenharia (PPGIB), criado em 1977, \u00e9 hoje um dos programas interunidades mais antigos da USP, tendo j\u00e1 graduado dezenas de mestres e doutores nas \u00e1reas de Biomateriais, Biomec\u00e2nica e Tecnologia em Sa\u00fade.<\/p>\n<p style=\"text-align: justify;\">Busca desenvolver pesquisas b\u00e1sicas e aplicadas para a solu\u00e7\u00e3o de problemas relacionados \u00e0 sa\u00fade atrav\u00e9s da capacita\u00e7\u00e3o de profissionais com forma\u00e7\u00e3o em ci\u00eancias exatas (engenharia, f\u00edsica, qu\u00edmica, matem\u00e1tica), em ci\u00eancias biol\u00f3gicas (bi\u00f3logos) ou da sa\u00fade (m\u00e9dicos, fisioterapeutas, farmac\u00eauticos entre outros).<\/p>\n<p style=\"text-align: justify;\">O programa \u00e9 oferecido em conjunto pela EESC, pelo Instituto de Qu\u00edmica de S\u00e3o Carlos e pela Faculdade de Medicina de Ribeir\u00e3o Preto, todos da USP. Conta ainda com uma forte colabora\u00e7\u00e3o de docentes colaboradores e Grupos de Pesquisa da Universidade Federal de S\u00e3o Carlos \u2013 UFScar.<\/p>\n<\/div>\n<\/div><\/div><\/div><div id=\"panel-2923-2-0-2\" class=\"so-panel widget widget_sow-button panel-last-child\" data-index=\"6\" ><div class=\"aos-init panel-widget-style panel-widget-style-for-2923-2-0-2\" data-aos=\"fade-up\" data-aos-duration=\"600\" data-aos-easing=\"linear\" data-aos-delay=\"600\" data-aos-anchor-placement=\"top-bottom\" data-aos-once=\"true\" ><div\n\t\t\t\n\t\t\tclass=\"so-widget-sow-button so-widget-sow-button-wire-616b049bc34a-2923\"\n\t\t\t\n\t\t><div class=\"ow-button-base ow-button-align-center\"\n>\n\t\t\t<a\n\t\t\t\t\thref=\"http:\/\/www.bioeng.eesc.usp.br\/bioeng\/bioengenharia\/portal\/index.php\/br\/\"\n\t\t\t\t\tclass=\"sowb-button ow-icon-placement-left ow-button-hover\" target=\"_blank\" rel=\"noopener noreferrer\" \t>\n\t\t<span>\n\t\t\t<span class=\"sow-icon-fontawesome sow-fas\" data-sow-icon=\"&#xf35d;\"\n\t\tstyle=\"\" \n\t\taria-hidden=\"true\"><\/span>\n\t\t\tMaiores Informa\u00e7\u00f5es acesse a p\u00e1gina do programa\t\t<\/span>\n\t\t\t<\/a>\n\t<\/div>\n<\/div><\/div><\/div><\/div><\/div><\/div><\/div>","protected":false},"excerpt":{"rendered":"<p>O Certificado de Estudo Especiais em Engenharia Biom\u00e9dica, oferecido pela Comiss\u00e3o de Gradua\u00e7\u00e3o (CG) a todos os cursos da EESC, [&hellip;]<\/p>\n","protected":false},"author":1,"featured_media":0,"parent":0,"menu_order":0,"comment_status":"closed","ping_status":"closed","template":"","meta":{"footnotes":""},"wf_page_folders":[47],"_links":{"self":[{"href":"https:\/\/eesc.usp.br\/ceas\/index.php\/wp-json\/wp\/v2\/pages\/2923"}],"collection":[{"href":"https:\/\/eesc.usp.br\/ceas\/index.php\/wp-json\/wp\/v2\/pages"}],"about":[{"href":"https:\/\/eesc.usp.br\/ceas\/index.php\/wp-json\/wp\/v2\/types\/page"}],"author":[{"embeddable":true,"href":"https:\/\/eesc.usp.br\/ceas\/index.php\/wp-json\/wp\/v2\/users\/1"}],"replies":[{"embeddable":true,"href":"https:\/\/eesc.usp.br\/ceas\/index.php\/wp-json\/wp\/v2\/comments?post=2923"}],"version-history":[{"count":41,"href":"https:\/\/eesc.usp.br\/ceas\/index.php\/wp-json\/wp\/v2\/pages\/2923\/revisions"}],"predecessor-version":[{"id":2955,"href":"https:\/\/eesc.usp.br\/ceas\/index.php\/wp-json\/wp\/v2\/pages\/2923\/revisions\/2955"}],"wp:attachment":[{"href":"https:\/\/eesc.usp.br\/ceas\/index.php\/wp-json\/wp\/v2\/media?parent=2923"}],"wp:term":[{"taxonomy":"wf_page_folders","embeddable":true,"href":"https:\/\/eesc.usp.br\/ceas\/index.php\/wp-json\/wp\/v2\/wf_page_folders?post=2923"}],"curies":[{"name":"wp","href":"https:\/\/api.w.org\/{rel}","templated":true}]}}