{"id":2996,"date":"2021-03-29T17:51:16","date_gmt":"2021-03-29T20:51:16","guid":{"rendered":"http:\/\/dev.sti.eesc.usp.br\/ceas\/?page_id=2996"},"modified":"2021-05-06T16:05:39","modified_gmt":"2021-05-06T19:05:39","slug":"etica-em-pesquisa","status":"publish","type":"page","link":"https:\/\/eesc.usp.br\/ceas\/index.php\/etica-em-pesquisa\/","title":{"rendered":"\u00c9tica em Pesquisa"},"content":{"rendered":"<div id=\"pl-2996\"  class=\"panel-layout\" ><div id=\"pg-2996-0\"  class=\"panel-grid panel-no-style\" ><div id=\"pgc-2996-0-0\"  class=\"panel-grid-cell\" ><div id=\"panel-2996-0-0-0\" class=\"so-panel widget widget_themegrill_flash_heading tg-widget section-title-wrapper panel-first-child panel-last-child\" data-index=\"0\" >\t<h3 class=\"section-title\">\u00c9tica em Pesquisa<\/h3>\n<\/div><\/div><\/div><div id=\"pg-2996-1\"  class=\"panel-grid panel-has-style\" ><div class=\"siteorigin-panels-stretch panel-row-style panel-row-style-for-2996-1\" data-stretch-type=\"full\" ><div id=\"pgc-2996-1-0\"  class=\"panel-grid-cell\" ><div id=\"panel-2996-1-0-0\" class=\"so-panel widget widget_sow-headline panel-first-child\" data-index=\"1\" ><div class=\"aos-init panel-widget-style panel-widget-style-for-2996-1-0-0\" data-aos=\"fade-up\" data-aos-duration=\"600\" data-aos-easing=\"linear\" data-aos-delay=\"300\" data-aos-anchor-placement=\"top-bottom\" data-aos-once=\"true\" ><div\n\t\t\t\n\t\t\tclass=\"so-widget-sow-headline so-widget-sow-headline-default-f6649892076f-2996\"\n\t\t\t\n\t\t><div class=\"sow-headline-container \">\n\t\t\t\t\t\t\t<h4 class=\"sow-headline\">\n\t\t\t\t\t\t\u00c9tica em Pesquisa com Seres Humanos\t\t\t\t\t\t<\/h4>\n\t\t\t\t\t\t\t\t\t\t\t<div class=\"decoration\">\n\t\t\t\t\t\t<div class=\"decoration-inside\"><\/div>\n\t\t\t\t\t<\/div>\n\t\t\t\t\t<\/div>\n<\/div><\/div><\/div><div id=\"panel-2996-1-0-1\" class=\"so-panel widget widget_sow-editor panel-last-child\" data-index=\"2\" ><div class=\"aos-init panel-widget-style panel-widget-style-for-2996-1-0-1\" data-aos=\"fade-up\" data-aos-duration=\"600\" data-aos-easing=\"linear\" data-aos-delay=\"300\" data-aos-anchor-placement=\"top-bottom\" data-aos-once=\"true\" ><div\n\t\t\t\n\t\t\tclass=\"so-widget-sow-editor so-widget-sow-editor-base\"\n\t\t\t\n\t\t>\n<div class=\"siteorigin-widget-tinymce textwidget\">\n\t<p style=\"text-align: justify;\">O Conselho Nacional de Sa\u00fade (CNS) do Minist\u00e9rio da Sa\u00fade regulamenta as atividades de pesquisa experimental com seres humanos, atrav\u00e9s Comiss\u00e3o Nacional de \u00c9tica em Pesquisa (Conep) e dos Comit\u00eas de \u00c9tica em Pesquisa (CEP), que analisam os aspectos \u00e9ticos dos projetos de pesquisa e, quando preenchidos os crit\u00e9rios \u00e9ticos, autorizam sua execu\u00e7\u00e3o.<\/p>\n<p style=\"text-align: justify;\">Os projetos de pesquisa s\u00e3o submetidos \u00e0 analise atrav\u00e9s da <a href=\"https:\/\/plataformabrasil.saude.gov.br\/login.jsf\" target=\"_blank\" rel=\"noopener\">Plataforma Brasil<\/a>. A Coordena\u00e7\u00e3o de Projetos de Pesquisa oferece orienta\u00e7\u00e3o para o acesso ao sistema.<\/p>\n<p>O Conselho Nacional de Controle de Experimenta\u00e7\u00e3o Animal (CONCEA) do Minist\u00e9rio da Ci\u00eancia, Tecnologia e Inova\u00e7\u00f5es regulamenta as atividades de pesquisa experimental que utilizam animais de laborat\u00f3rio, atrav\u00e9s do Sistema CIUCA e das Comiss\u00f5es de \u00c9tica em Utiliza\u00e7\u00e3o de Animais (CEUA), que analisam os aspectos \u00e9ticos dos projetos de pesquisa e, quando preenchidos os crit\u00e9rios \u00e9ticos, autorizam sua execu\u00e7\u00e3o.<\/p>\n<\/div>\n<\/div><\/div><\/div><\/div><\/div><\/div><div id=\"pg-2996-2\"  class=\"panel-grid panel-has-style\" ><div class=\"siteorigin-panels-stretch panel-row-style panel-row-style-for-2996-2\" data-stretch-type=\"full\" ><div id=\"pgc-2996-2-0\"  class=\"panel-grid-cell\" ><div id=\"panel-2996-2-0-0\" class=\"so-panel widget widget_sow-headline panel-first-child\" data-index=\"3\" ><div class=\"aos-init panel-widget-style panel-widget-style-for-2996-2-0-0\" data-aos=\"fade-up\" data-aos-duration=\"600\" data-aos-easing=\"linear\" data-aos-delay=\"300\" data-aos-anchor-placement=\"top-bottom\" data-aos-once=\"true\" ><div\n\t\t\t\n\t\t\tclass=\"so-widget-sow-headline so-widget-sow-headline-default-8df7abc2052b-2996\"\n\t\t\t\n\t\t><div class=\"sow-headline-container \">\n\t\t\t\t\t\t\t<h4 class=\"sow-headline\">\n\t\t\t\t\t\t\u00c9tica em Pesquisa com Animais\t\t\t\t\t\t<\/h4>\n\t\t\t\t\t\t\t\t\t\t\t<div class=\"decoration\">\n\t\t\t\t\t\t<div class=\"decoration-inside\"><\/div>\n\t\t\t\t\t<\/div>\n\t\t\t\t\t<\/div>\n<\/div><\/div><\/div><div id=\"panel-2996-2-0-1\" class=\"so-panel widget widget_sow-editor\" data-index=\"4\" ><div class=\"aos-init panel-widget-style panel-widget-style-for-2996-2-0-1\" data-aos=\"fade-up\" data-aos-duration=\"600\" data-aos-easing=\"linear\" data-aos-delay=\"300\" data-aos-anchor-placement=\"top-bottom\" data-aos-once=\"true\" ><div\n\t\t\t\n\t\t\tclass=\"so-widget-sow-editor so-widget-sow-editor-base\"\n\t\t\t\n\t\t>\n<div class=\"siteorigin-widget-tinymce textwidget\">\n\t<p style=\"text-align: justify;\">O Conselho Nacional de Controle de Experimenta\u00e7\u00e3o Animal (CONCEA) do Minist\u00e9rio da Ci\u00eancia, Tecnologia e Inova\u00e7\u00f5es regulamenta as atividades de pesquisa experimental que utilizam animais de laborat\u00f3rio, atrav\u00e9s do Sistema CIUCA e das Comiss\u00f5es de \u00c9tica em Utiliza\u00e7\u00e3o de Animais (CEUA), que analisam os aspectos \u00e9ticos dos projetos de pesquisa e, quando preenchidos os crit\u00e9rios \u00e9ticos, autorizam sua execu\u00e7\u00e3o.<\/p>\n<p style=\"text-align: justify;\">Cada institui\u00e7\u00e3o de pesquisa que realiza procedimentos com animais deve possuir, por determina\u00e7\u00e3o legal, uma CEUA. Os projetos de pesquisa que utilizam animais na EESC podem ser submetidos \u00e0 analise para a CEUA da EESC\/USP atrav\u00e9s do LINK\/Formul\u00e1rio.<\/p>\n<p style=\"text-align: justify;\">A Coordena\u00e7\u00e3o de Projetos de Pesquisa tamb\u00e9m oferece orienta\u00e7\u00e3o para submiss\u00e3o de projetos.<\/p>\n<\/div>\n<\/div><\/div><\/div><div id=\"panel-2996-2-0-2\" class=\"so-panel widget widget_sow-editor panel-last-child\" data-index=\"5\" ><div class=\"aos-init panel-widget-style panel-widget-style-for-2996-2-0-2\" data-aos=\"fade-up\" data-aos-duration=\"600\" data-aos-easing=\"linear\" data-aos-delay=\"300\" data-aos-anchor-placement=\"top-bottom\" data-aos-once=\"true\" ><div\n\t\t\t\n\t\t\tclass=\"so-widget-sow-editor so-widget-sow-editor-base\"\n\t\t\t\n\t\t>\n<div class=\"siteorigin-widget-tinymce textwidget\">\n\t<p>O Conselho Nacional de Controle de Experimenta\u00e7\u00e3o Animal (CONCEA) do Minist\u00e9rio da Ci\u00eancia, Tecnologia e Inova\u00e7\u00f5es regulamenta as atividades de pesquisa experimental que utilizam animais de laborat\u00f3rio, atrav\u00e9s do Sistema CIUCA e das Comiss\u00f5es de \u00c9tica em Utiliza\u00e7\u00e3o de Animais (CEUA), que analisam os aspectos \u00e9ticos dos projetos de pesquisa e, quando preenchidos os crit\u00e9rios \u00e9ticos, autorizam sua execu\u00e7\u00e3o.<\/p>\n<p>A CEUA da EESC \u00e9 formada pelos seguintes membros:<\/p>\n\n<table id=\"tablepress-ceua\" class=\"tablepress tablepress-id-ceua\">\n<tbody>\n<tr class=\"row-1\">\n\t<td class=\"column-1\">Orivaldo Lopes da Silva<\/td><td class=\"column-2\">CEAS\/EESC<\/td><td class=\"column-3\">Coordenador<\/td>\n<\/tr>\n<tr class=\"row-2\">\n\t<td class=\"column-1\">Jos\u00e9 Marcos Alves<\/td><td class=\"column-2\">Dept. de Engenharia El\u00e9trica \/EESC<\/td><td class=\"column-3\">Vice-Coordenador<\/td>\n<\/tr>\n<tr class=\"row-3\">\n\t<td class=\"column-1\">Liliane Ventura Schiabel<\/td><td class=\"column-2\">Dept. de Engenharia El\u00e9trica \/EESC<\/td><td class=\"column-3\">Titular <\/td>\n<\/tr>\n<tr class=\"row-4\">\n\t<td class=\"column-1\">Albert Cliquet J\u00fanior<\/td><td class=\"column-2\">Dept. de Engenharia El\u00e9trica \/EESC<\/td><td class=\"column-3\">Suplente<\/td>\n<\/tr>\n<tr class=\"row-5\">\n\t<td class=\"column-1\">Maria Bernadete Am\u00e2ncia Varesche Silva<\/td><td class=\"column-2\">Dept. de Hidr\u00e1ulica e Saneamento \/EESC<\/td><td class=\"column-3\">Titular <\/td>\n<\/tr>\n<tr class=\"row-6\">\n\t<td class=\"column-1\">Isabel Kimiko Sakamoto<\/td><td class=\"column-2\">Dept. de Hidr\u00e1ulica e Saneamento \/EESC<\/td><td class=\"column-3\">Suplente<\/td>\n<\/tr>\n<tr class=\"row-7\">\n\t<td class=\"column-1\">M\u00e1rcia Cristina de Sena Oliveira<\/td><td class=\"column-2\">Embrapa Pecu\u00e1ria Sudeste - M\u00e9dica Veterin\u00e1ria<\/td><td class=\"column-3\">Titular <\/td>\n<\/tr>\n<tr class=\"row-8\">\n\t<td class=\"column-1\">Lea Chapaval <\/td><td class=\"column-2\">Embrapa Pecu\u00e1ria Sudeste -  M\u00e9dica Veterin\u00e1ria<\/td><td class=\"column-3\">Suplente <\/td>\n<\/tr>\n<tr class=\"row-9\">\n\t<td class=\"column-1\">F\u00e1bio Eduardo Matheus<\/td><td class=\"column-2\">Representante da Sociedade Protetora dos Animais (SPA)<\/td><td class=\"column-3\">Titular<\/td>\n<\/tr>\n<tr class=\"row-10\">\n\t<td class=\"column-1\">Bianca Rantim<\/td><td class=\"column-2\">Bi\u00f3loga<\/td><td class=\"column-3\">Titular<\/td>\n<\/tr>\n<\/tbody>\n<\/table>\n<!-- #tablepress-ceua from cache -->\n<p>Os projetos de pesquisa que utilizam animais na EESC podem ser submetidos \u00e0 an\u00e1lise da CEUA\/EESC entrando em contato com a secretaria do CEAS, utilizando o formul\u00e1rio abaixo ou diretamente pelo endere\u00e7o de e-mail &#x63;&#101;a&#x73;&#64;e&#x65;&#x73;&#99;&#x2e;&#x75;&#115;p&#x2e;&#98;r ou pelo telefone: (16) 3373-8614.<\/p>\n<p>A Coordena\u00e7\u00e3o de Projetos de Pesquisa do CEAS tamb\u00e9m oferece orienta\u00e7\u00e3o para submiss\u00e3o de projetos.<\/p>\n<\/div>\n<\/div><\/div><\/div><\/div><\/div><\/div><div id=\"pg-2996-3\"  class=\"panel-grid panel-has-style\" ><div class=\"aos-init siteorigin-panels-stretch panel-row-style panel-row-style-for-2996-3\" data-aos=\"fade-up\" data-aos-duration=\"300\" data-aos-easing=\"linear\" data-aos-delay=\"600\" data-aos-anchor-placement=\"top-bottom\" data-aos-once=\"true\" data-stretch-type=\"full-stretched\" ><div id=\"pgc-2996-3-0\"  class=\"panel-grid-cell\" ><div id=\"panel-2996-3-0-0\" class=\"so-panel widget widget_sow-google-map panel-first-child panel-last-child\" data-index=\"6\" ><div class=\"aos-init panel-widget-style panel-widget-style-for-2996-3-0-0\" data-aos=\"fade-up\" data-aos-duration=\"600\" data-aos-easing=\"linear\" data-aos-delay=\"300\" data-aos-anchor-placement=\"top-bottom\" data-aos-once=\"true\" ><div\n\t\t\t\n\t\t\tclass=\"so-widget-sow-google-map so-widget-sow-google-map-default-02940917e7dc-2996\"\n\t\t\t\n\t\t>\n<div class=\"sow-google-map-canvas\"\n\tstyle=\"\"\n\tid=\"map-canvas-06f7f7547b577fabc270e5eaa546d64a\"\n\tdata-options=\"{&quot;address&quot;:&quot;-22.0027046, -47.89861779999999&quot;,&quot;zoom&quot;:16,&quot;mobileZoom&quot;:16,&quot;gestureHandling&quot;:&quot;cooperative&quot;,&quot;disableUi&quot;:false,&quot;markerIcon&quot;:false,&quot;markersDraggable&quot;:false,&quot;markerAtCenter&quot;:true,&quot;markerInfoDisplay&quot;:&quot;click&quot;,&quot;markerInfoMultiple&quot;:true,&quot;markerPositions&quot;:false,&quot;mapName&quot;:&quot;Mapa personalizado&quot;,&quot;mapStyles&quot;:[{&quot;featureType&quot;:&quot;all&quot;,&quot;elementType&quot;:&quot;labels.text.fill&quot;,&quot;stylers&quot;:[{&quot;saturation&quot;:36},{&quot;color&quot;:&quot;#000000&quot;},{&quot;lightness&quot;:40}]},{&quot;featureType&quot;:&quot;all&quot;,&quot;elementType&quot;:&quot;labels.text.stroke&quot;,&quot;stylers&quot;:[{&quot;visibility&quot;:&quot;on&quot;},{&quot;color&quot;:&quot;#000000&quot;},{&quot;lightness&quot;:16}]},{&quot;featureType&quot;:&quot;all&quot;,&quot;elementType&quot;:&quot;labels.icon&quot;,&quot;stylers&quot;:[{&quot;visibility&quot;:&quot;off&quot;}]},{&quot;featureType&quot;:&quot;administrative&quot;,&quot;elementType&quot;:&quot;geometry.fill&quot;,&quot;stylers&quot;:[{&quot;color&quot;:&quot;#000000&quot;},{&quot;lightness&quot;:20}]},{&quot;featureType&quot;:&quot;administrative&quot;,&quot;elementType&quot;:&quot;geometry.stroke&quot;,&quot;stylers&quot;:[{&quot;color&quot;:&quot;#000000&quot;},{&quot;lightness&quot;:17},{&quot;weight&quot;:1.2}]},{&quot;featureType&quot;:&quot;landscape&quot;,&quot;elementType&quot;:&quot;geometry&quot;,&quot;stylers&quot;:[{&quot;color&quot;:&quot;#000000&quot;},{&quot;lightness&quot;:20}]},{&quot;featureType&quot;:&quot;poi&quot;,&quot;elementType&quot;:&quot;geometry&quot;,&quot;stylers&quot;:[{&quot;color&quot;:&quot;#000000&quot;},{&quot;lightness&quot;:21}]},{&quot;featureType&quot;:&quot;road.highway&quot;,&quot;elementType&quot;:&quot;geometry.fill&quot;,&quot;stylers&quot;:[{&quot;color&quot;:&quot;#000000&quot;},{&quot;lightness&quot;:17}]},{&quot;featureType&quot;:&quot;road.highway&quot;,&quot;elementType&quot;:&quot;geometry.stroke&quot;,&quot;stylers&quot;:[{&quot;color&quot;:&quot;#000000&quot;},{&quot;lightness&quot;:29},{&quot;weight&quot;:0.2}]},{&quot;featureType&quot;:&quot;road.arterial&quot;,&quot;elementType&quot;:&quot;geometry&quot;,&quot;stylers&quot;:[{&quot;color&quot;:&quot;#000000&quot;},{&quot;lightness&quot;:18}]},{&quot;featureType&quot;:&quot;road.local&quot;,&quot;elementType&quot;:&quot;geometry&quot;,&quot;stylers&quot;:[{&quot;color&quot;:&quot;#000000&quot;},{&quot;lightness&quot;:16}]},{&quot;featureType&quot;:&quot;transit&quot;,&quot;elementType&quot;:&quot;geometry&quot;,&quot;stylers&quot;:[{&quot;color&quot;:&quot;#000000&quot;},{&quot;lightness&quot;:19}]},{&quot;featureType&quot;:&quot;water&quot;,&quot;elementType&quot;:&quot;geometry&quot;,&quot;stylers&quot;:[{&quot;color&quot;:&quot;#000000&quot;},{&quot;lightness&quot;:17}]}],&quot;directions&quot;:&quot;&quot;,&quot;apiKey&quot;:&quot;AIzaSyCKLgGbn2HT4EU4UyHSSOqKYpdEGq0tZAA&quot;,&quot;breakpoint&quot;:&quot;780&quot;}\"\n\tdata-fallback-image=\"{&quot;img&quot;:&quot;&quot;}\"><\/div>\n<\/div><\/div><\/div><\/div><div id=\"pgc-2996-3-1\"  class=\"panel-grid-cell\" ><div id=\"panel-2996-3-1-0\" class=\"so-panel widget widget_sow-headline panel-first-child\" data-index=\"7\" ><div class=\"aos-init panel-widget-style panel-widget-style-for-2996-3-1-0\" data-aos=\"fade\" data-aos-duration=\"600\" data-aos-easing=\"linear\" data-aos-delay=\"300\" data-aos-anchor-placement=\"top-bottom\" data-aos-once=\"true\" ><div\n\t\t\t\n\t\t\tclass=\"so-widget-sow-headline so-widget-sow-headline-default-a98c2e855448-2996 so-widget-fittext-wrapper\"\n\t\t\t data-fit-text-compressor=\"0.85\"\n\t\t><div class=\"sow-headline-container \">\n\t\t\t\t\t\t\t<h1 class=\"sow-headline\">\n\t\t\t\t\t\tConverse com o CEAS\t\t\t\t\t\t<\/h1>\n\t\t\t\t\t\t<\/div>\n<\/div><\/div><\/div><div id=\"panel-2996-3-1-1\" class=\"so-panel widget widget_sow-editor\" data-index=\"8\" ><div class=\"aos-init flash_inherit_color panel-widget-style panel-widget-style-for-2996-3-1-1\" data-aos=\"fade\" data-aos-duration=\"600\" data-aos-easing=\"linear\" data-aos-delay=\"300\" data-aos-anchor-placement=\"top-bottom\" data-aos-once=\"true\" ><div\n\t\t\t\n\t\t\tclass=\"so-widget-sow-editor so-widget-sow-editor-base\"\n\t\t\t\n\t\t>\n<div class=\"siteorigin-widget-tinymce textwidget\">\n\t<p>Se ainda tem alguma d\u00favida ou algo que precisa de mais esclarecimentos e n\u00e3o encontrou no site, por favor preencha o formul\u00e1rio abaixo e teremos o maior prazer em ajudar.<\/p>\n<\/div>\n<\/div><\/div><\/div><div id=\"panel-2996-3-1-2\" class=\"so-panel widget widget_wpforms-widget wpforms-widget panel-last-child\" data-index=\"9\" ><div class=\"aos-init flash_inherit_color panel-widget-style panel-widget-style-for-2996-3-1-2\" data-aos=\"fade\" data-aos-duration=\"600\" data-aos-easing=\"linear\" data-aos-delay=\"300\" data-aos-anchor-placement=\"top-bottom\" data-aos-once=\"true\" ><div class=\"wpforms-container wpforms-container-full\" id=\"wpforms-1131\"><form id=\"wpforms-form-1131\" class=\"wpforms-validate wpforms-form\" data-formid=\"1131\" method=\"post\" enctype=\"multipart\/form-data\" action=\"\/ceas\/index.php\/wp-json\/wp\/v2\/pages\/2996\" data-token=\"79e9bbb3d639931284b2c40eac5ad27e\" data-token-time=\"1778113379\"><noscript class=\"wpforms-error-noscript\">Ative o JavaScript no seu navegador para preencher este formul\u00e1rio.<\/noscript><div class=\"wpforms-field-container\"><div id=\"wpforms-1131-field_0-container\" class=\"wpforms-field wpforms-field-name\" data-field-id=\"0\"><label class=\"wpforms-field-label\" for=\"wpforms-1131-field_0\">Nome <span class=\"wpforms-required-label\">*<\/span><\/label><input type=\"text\" id=\"wpforms-1131-field_0\" class=\"wpforms-field-medium wpforms-field-required\" name=\"wpforms[fields][0]\" required><\/div><div id=\"wpforms-1131-field_1-container\" class=\"wpforms-field wpforms-field-email\" data-field-id=\"1\"><label class=\"wpforms-field-label\" for=\"wpforms-1131-field_1\">E-mail <span class=\"wpforms-required-label\">*<\/span><\/label><input type=\"email\" id=\"wpforms-1131-field_1\" class=\"wpforms-field-medium wpforms-field-required\" name=\"wpforms[fields][1]\" spellcheck=\"false\" required><\/div><div id=\"wpforms-1131-field_3-container\" class=\"wpforms-field wpforms-field-text\" data-field-id=\"3\"><label class=\"wpforms-field-label\" for=\"wpforms-1131-field_3\">Assunto <span class=\"wpforms-required-label\">*<\/span><\/label><input type=\"text\" id=\"wpforms-1131-field_3\" class=\"wpforms-field-medium wpforms-field-required\" name=\"wpforms[fields][3]\" required><\/div><div id=\"wpforms-1131-field_2-container\" class=\"wpforms-field wpforms-field-textarea\" data-field-id=\"2\"><label class=\"wpforms-field-label\" for=\"wpforms-1131-field_2\">Mensagem <span class=\"wpforms-required-label\">*<\/span><\/label><textarea id=\"wpforms-1131-field_2\" class=\"wpforms-field-medium wpforms-field-required\" name=\"wpforms[fields][2]\" required><\/textarea><\/div><\/div><!-- .wpforms-field-container --><div class=\"wpforms-field wpforms-field-hp\"><label for=\"wpforms-1131-field-hp\" class=\"wpforms-field-label\">Phone<\/label><input type=\"text\" name=\"wpforms[hp]\" id=\"wpforms-1131-field-hp\" class=\"wpforms-field-medium\"><\/div><div class=\"wpforms-submit-container\" ><input type=\"hidden\" name=\"wpforms[id]\" value=\"1131\"><input type=\"hidden\" name=\"page_title\" value=\"\"><input type=\"hidden\" name=\"page_url\" value=\"https:\/\/eesc.usp.br\/ceas\/index.php\/wp-json\/wp\/v2\/pages\/2996\"><input type=\"hidden\" name=\"url_referer\" value=\"\"><button type=\"submit\" name=\"wpforms[submit]\" id=\"wpforms-submit-1131\" class=\"wpforms-submit\" data-alt-text=\"Enviando...\" data-submit-text=\"Enviar\" aria-live=\"assertive\" value=\"wpforms-submit\">Enviar<\/button><\/div><\/form><\/div>  <!-- .wpforms-container --><\/div><\/div><\/div><\/div><\/div><\/div>","protected":false},"excerpt":{"rendered":"<p>O Conselho Nacional de Sa\u00fade (CNS) do Minist\u00e9rio da Sa\u00fade regulamenta as atividades de pesquisa experimental com seres humanos, atrav\u00e9s [&hellip;]<\/p>\n","protected":false},"author":1,"featured_media":0,"parent":0,"menu_order":0,"comment_status":"closed","ping_status":"closed","template":"","meta":{"footnotes":""},"wf_page_folders":[48],"_links":{"self":[{"href":"https:\/\/eesc.usp.br\/ceas\/index.php\/wp-json\/wp\/v2\/pages\/2996"}],"collection":[{"href":"https:\/\/eesc.usp.br\/ceas\/index.php\/wp-json\/wp\/v2\/pages"}],"about":[{"href":"https:\/\/eesc.usp.br\/ceas\/index.php\/wp-json\/wp\/v2\/types\/page"}],"author":[{"embeddable":true,"href":"https:\/\/eesc.usp.br\/ceas\/index.php\/wp-json\/wp\/v2\/users\/1"}],"replies":[{"embeddable":true,"href":"https:\/\/eesc.usp.br\/ceas\/index.php\/wp-json\/wp\/v2\/comments?post=2996"}],"version-history":[{"count":17,"href":"https:\/\/eesc.usp.br\/ceas\/index.php\/wp-json\/wp\/v2\/pages\/2996\/revisions"}],"predecessor-version":[{"id":3098,"href":"https:\/\/eesc.usp.br\/ceas\/index.php\/wp-json\/wp\/v2\/pages\/2996\/revisions\/3098"}],"wp:attachment":[{"href":"https:\/\/eesc.usp.br\/ceas\/index.php\/wp-json\/wp\/v2\/media?parent=2996"}],"wp:term":[{"taxonomy":"wf_page_folders","embeddable":true,"href":"https:\/\/eesc.usp.br\/ceas\/index.php\/wp-json\/wp\/v2\/wf_page_folders?post=2996"}],"curies":[{"name":"wp","href":"https:\/\/api.w.org\/{rel}","templated":true}]}}